{"id":32,"date":"2020-06-11T07:29:49","date_gmt":"2020-06-11T07:29:49","guid":{"rendered":"http:\/\/ninzio.com\/worksquare\/?page_id=32"},"modified":"2024-08-20T10:01:41","modified_gmt":"2024-08-20T08:01:41","slug":"events","status":"publish","type":"page","link":"https:\/\/villa-aurelia.de\/en\/events\/","title":{"rendered":"Events"},"content":{"rendered":"<div class=\"wpb-content-wrapper\"><div class=\"vc_row wpb_row vc_row-fluid position-relative\"><div class=\"wpb_column vc_column_container vc_col-sm-12\"><div class=\"vc_column-inner\"><div class=\"wpb_wrapper\"><div class=\"deeper-spacer clearfix\" data-config='{\"desktop\":100,\"mobile\":80,\"smobile\":80}'><\/div><\/div><\/div><\/div><div class=\"wpb_column vc_column_container vc_col-sm-6 vc_col-md-4\"><div class=\"vc_column-inner\"><div class=\"wpb_wrapper\"><div class=\"deeper-content-box clearfix ctb-156729523\" style=\"\" data-config='{\"padding\":\"7% 0 0 0\",\"mobiPadding\":\"0\",\"margin\":\"0\",\"mobiMargin\":\"0\",\"borderStyle\":\"solid\"}'>\r\n\t\t\t\t\t<div class=\"inner\" style=\"\">\r\n\t\t\t\t\t\t<h2 class=\"deeper-text align-left\" style=\"font-size:32px;letter-spacing:-0.2px;\" ><span>Stay up to date!<\/span>\n<\/h2><div class=\"deeper-spacer clearfix\" data-config='{\"desktop\":40,\"mobile\":40,\"smobile\":40}'><\/div><h5 class=\"deeper-text align-left\" style=\"font-size:16px;font-weight:600;line-height:24px;letter-spacing:-0.01px;font-family:Open Sans;\" ><span>Events at Villa Aurelia<\/span>\n<\/h5><div class=\"deeper-spacer clearfix\" data-config='{\"desktop\":25,\"mobile\":25,\"smobile\":25}'><\/div>\n\t<div class=\"wpb_text_column wpb_content_element\" >\n\t\t<div class=\"wpb_wrapper\">\n\t\t\t<p class=\"font-size-16 line-height-24\">There are currently no events planned. However, we are constantly working on organising exciting events and workshops for our community. Check back regularly to make sure you don't miss any announcements. We look forward to welcoming you to one of our events soon!<\/p>\n\n\t\t<\/div>\n\t<\/div>\n<div class=\"deeper-spacer clearfix\" data-config='{\"desktop\":35,\"mobile\":35,\"smobile\":35}'><\/div>\n\t<div class=\"wpb_text_column wpb_content_element\" >\n\t\t<div class=\"wpb_wrapper\">\n\t\t\t<p class=\"font-size-16 line-height-24\"><strong>Suggestions and ideas?<\/strong><br \/>\nWe are always open to ideas! If you have any suggestions for future events or would like to organise an event with us yourself, please contact us at info@villa-aurelia.de or speak to us directly.<\/p>\n\n\t\t<\/div>\n\t<\/div>\n<div class=\"deeper-spacer clearfix\" data-config='{\"desktop\":45,\"mobile\":45,\"smobile\":45}'><\/div>\r\n\t\t\t\t\t<\/div>\r\n\t\t\t\t<\/div><div class=\"deeper-spacer clearfix\" data-config='{\"smobile\":50}'><\/div><\/div><\/div><\/div><div class=\"wpb_column vc_column_container vc_col-sm-6 vc_col-md-8\"><div class=\"vc_column-inner\"><div class=\"wpb_wrapper\"><div class=\"deeper-parallax-box\"><div class=\"parallax-wrap\"><div class=\"wow fadeIn\" data-wow-duration=\"0.75s\" data-wow-delay=\"0.3s\"><div class=\"deeper-parallax-item has-width hover-effect-5\" data-wow-duration=\"0.75s\" data-wow-delay=\"0.3s\" style=\"left:12.5%;width:45%;border-radius:10px;\" data-parallax='{\"x\" : 0,\"y\" : 0, \"smoothness\" : 30}' data-top=\"\"><img decoding=\"async\" class=\"parallax-image\" src=\"https:\/\/villa-aurelia.de\/wp-content\/uploads\/2024\/07\/jpeg-optimizer_AK100001.jpg\" alt=\"image\"><\/div><\/div><div class=\"wow fadeInUp\" data-wow-duration=\"0.75s\" data-wow-delay=\"0.9s\"><div class=\"deeper-parallax-item has-width hover-effect-5\" data-wow-duration=\"0.75s\" data-wow-delay=\"0.9s\" style=\"left:30%;margin-top:47%;width:51%;border-radius:10px;\" data-parallax='{\"x\" : 0,\"y\" : 0, \"smoothness\" : 30}' data-top=\"47%\"><img decoding=\"async\" class=\"parallax-image\" src=\"https:\/\/villa-aurelia.de\/wp-content\/uploads\/2024\/07\/Konferenzraum-653-x-550-.jpg\" alt=\"image\"><\/div><\/div><div class=\"deeper-parallax-item has-width\" style=\"left:auto;right:-17%;margin-top:29%;width:38%;\" data-parallax='{\"x\" : 0,\"y\" : -30, \"smoothness\" : 30}' data-top=\"29%\"><img decoding=\"async\" class=\"parallax-image\" src=\"https:\/\/villa-aurelia.de\/wp-content\/uploads\/2020\/06\/section-img-04.png\" alt=\"image\"> <\/div><div class=\"wow fadeInUp\" data-wow-duration=\"0.75s\" data-wow-delay=\"0.5s\"><div class=\"deeper-parallax-item has-width hover-effect-5\" data-wow-duration=\"0.75s\" data-wow-delay=\"0.5s\" style=\"left:65%;margin-top:22%;width:45%;border-radius:10px;\" data-parallax='{\"x\" : 0,\"y\" : 0, \"smoothness\" : 30}' data-top=\"22%\"><img decoding=\"async\" class=\"parallax-image\" src=\"https:\/\/villa-aurelia.de\/wp-content\/uploads\/2024\/07\/jpeg-optimizer_AK109994.jpg\" alt=\"image\"><\/div><\/div><\/div><\/div><\/div><\/div><\/div><div class=\"wpb_column vc_column_container vc_col-sm-12\"><div class=\"vc_column-inner\"><div class=\"wpb_wrapper\"><div class=\"deeper-spacer clearfix\" data-config='{\"desktop\":100,\"mobile\":80,\"smobile\":80}'><\/div><\/div><\/div><\/div><\/div>\n<\/div>","protected":false},"excerpt":{"rendered":"Bleiben Sie auf dem Laufenden! Events bei Villa Aurelia Aktuell sind keine Veranstaltungen geplant. Wir arbeiten jedoch kontinuierlich daran, spannende Events und Workshops f\u00fcr unsere Community zu organisieren. Schauen Sie regelm\u00e4\u00dfig vorbei, um keine Ank\u00fcndigung zu verpassen. Wir freuen uns darauf, Sie bald bei einem unserer Events begr\u00fc\u00dfen zu d\u00fcrfen!","protected":false},"author":1,"featured_media":0,"parent":0,"menu_order":0,"comment_status":"closed","ping_status":"closed","template":"","meta":{"_monsterinsights_skip_tracking":false,"_monsterinsights_sitenote_active":false,"_monsterinsights_sitenote_note":"","_monsterinsights_sitenote_category":0,"footnotes":""},"class_list":["post-32","page","type-page","status-publish","hentry"],"aioseo_notices":[],"_links":{"self":[{"href":"https:\/\/villa-aurelia.de\/en\/wp-json\/wp\/v2\/pages\/32","targetHints":{"allow":["GET"]}}],"collection":[{"href":"https:\/\/villa-aurelia.de\/en\/wp-json\/wp\/v2\/pages"}],"about":[{"href":"https:\/\/villa-aurelia.de\/en\/wp-json\/wp\/v2\/types\/page"}],"author":[{"embeddable":true,"href":"https:\/\/villa-aurelia.de\/en\/wp-json\/wp\/v2\/users\/1"}],"replies":[{"embeddable":true,"href":"https:\/\/villa-aurelia.de\/en\/wp-json\/wp\/v2\/comments?post=32"}],"version-history":[{"count":8,"href":"https:\/\/villa-aurelia.de\/en\/wp-json\/wp\/v2\/pages\/32\/revisions"}],"predecessor-version":[{"id":3499,"href":"https:\/\/villa-aurelia.de\/en\/wp-json\/wp\/v2\/pages\/32\/revisions\/3499"}],"wp:attachment":[{"href":"https:\/\/villa-aurelia.de\/en\/wp-json\/wp\/v2\/media?parent=32"}],"curies":[{"name":"wp","href":"https:\/\/api.w.org\/{rel}","templated":true}]}}