{"id":30,"date":"2020-06-11T07:29:27","date_gmt":"2020-06-11T07:29:27","guid":{"rendered":"http:\/\/ninzio.com\/worksquare\/?page_id=30"},"modified":"2024-12-27T15:15:51","modified_gmt":"2024-12-27T14:15:51","slug":"la-villa","status":"publish","type":"page","link":"https:\/\/villa-aurelia.de\/es\/die-villa\/","title":{"rendered":"La villa"},"content":{"rendered":"<div class=\"wpb-content-wrapper\"><div class=\"vc_row wpb_row vc_row-fluid position-relative\"><div class=\"wpb_column vc_column_container vc_col-sm-12\"><div class=\"vc_column-inner\"><div class=\"wpb_wrapper\"><div class=\"deeper-spacer clearfix\" data-config='{\"desktop\":100,\"mobile\":80,\"smobile\":80}'><\/div><\/div><\/div><\/div><div class=\"wpb_column vc_column_container vc_col-sm-6\"><div class=\"vc_column-inner\"><div class=\"wpb_wrapper\"><div class=\"deeper-parallax-box\"><div class=\"parallax-wrap\"><div class=\"deeper-parallax-item has-width\" style=\"left:-24%;margin-top:65%;width:52%;\" data-parallax='{\"x\" : 0,\"y\" : -40, \"smoothness\" : 30}' data-top=\"65%\"><img decoding=\"async\" class=\"parallax-image\" src=\"https:\/\/villa-aurelia.de\/wp-content\/uploads\/2020\/06\/shape-04.png\" alt=\"imagen\"> <\/div><div class=\"deeper-parallax-item\" style=\"border-radius:50px;\" data-parallax='{\"x\" : 0,\"y\" : 0, \"smoothness\" : 30}' data-top=\"\"><img decoding=\"async\" class=\"parallax-image\" src=\"https:\/\/villa-aurelia.de\/wp-content\/uploads\/2024\/07\/ueu-villa.jpg\" alt=\"imagen\"> <\/div><div class=\"wow fadeInUp\" data-wow-duration=\"0.75s\" data-wow-delay=\"5.3s\"><div class=\"deeper-parallax-item\" data-wow-duration=\"0.75s\" data-wow-delay=\"5.3s\" style=\"border-radius:50px;\" data-parallax='{\"x\" : 0,\"y\" : 0, \"smoothness\" : 30}' data-top=\"\"><img decoding=\"async\" class=\"parallax-image\" src=\"https:\/\/villa-aurelia.de\/wp-content\/uploads\/2024\/12\/Bachemer_Strasse_91_1979.jpg\" alt=\"imagen\"><\/div><\/div><\/div><\/div><div class=\"deeper-spacer clearfix\" data-config='{\"smobile\":50}'><\/div><\/div><\/div><\/div><div class=\"wpb_column vc_column_container vc_col-sm-6\"><div class=\"vc_column-inner\"><div class=\"wpb_wrapper\"><div class=\"deeper-content-box clearfix ctb-550659991\" style=\"\" data-config='{\"padding\":\"7% 0 0\",\"mobiPadding\":\"0\",\"margin\":\"0\",\"mobiMargin\":\"0\",\"borderStyle\":\"solid\"}'>\r\n\t\t\t\t\t<div class=\"inner\" style=\"\">\r\n\t\t\t\t\t\t<h2 class=\"deeper-text align-left\" style=\"font-size:28px;letter-spacing:-0.2px;\" ><span>Un lugar que respira historia y ofrece espacio para nuevas ideas<\/span>\n<\/h2><div class=\"deeper-spacer clearfix\" data-config='{\"desktop\":40,\"mobile\":40,\"smobile\":40}'><\/div><div class=\"deeper-text align-left\" style=\"font-size:16px;font-weight:400;line-height:24px;letter-spacing:0.01px;color:#313131;\" ><span>Enclavada en el lujoso barrio de Lindenthal de Colonia, rodeada de cuidados jardines, se alza la magn\u00edfica Villa Aurelia. Construida hacia 1900, esta joya arquitect\u00f3nica desprende el encanto de la \u00e9poca guillermina y hoy alberga no s\u00f3lo un espacio de coworking de \u00faltima generaci\u00f3n, sino tambi\u00e9n dos elegantes apartamentos de vacaciones. Los visitantes pueden conocer la fascinante historia de la villa mientras disfrutan de las m\u00e1s modernas comodidades.<\/span>\n<\/div><div class=\"deeper-spacer clearfix\" data-config='{\"desktop\":45,\"mobile\":45,\"smobile\":45}'><\/div><div class=\"deeper-text align-left\" style=\"font-size:16px;font-weight:400;line-height:24px;letter-spacing:0.01px;color:#313131;\" ><span>Bautizada con el nombre de su propietaria original, Aurelia von Blumenthal, la villa atrae todas las miradas por su elegante fachada y sus ornamentadas ventanas. Columnas corintias, fina piedra arenisca de la regi\u00f3n de Eifel y m\u00e1rmol de Carrara atestiguan la antigua riqueza de sus constructores. En el interior, te recibe un magn\u00edfico hall de entrada: Una majestuosa escalera de madera de caoba oscura conduce a los pisos superiores, mientras que ornamentadas baldosas de m\u00e1rmol con motivos grecorromanos adornan el suelo. Una gran claraboya proporciona una c\u00e1lida luz natural que resalta de forma impresionante los detalles hist\u00f3ricos.<\/span>\n<\/div><div class=\"deeper-spacer clearfix\" data-config='{\"desktop\":45,\"mobile\":45,\"smobile\":45}'><\/div><div class=\"deeper-text align-left\" style=\"font-size:16px;font-weight:400;line-height:24px;letter-spacing:0.01px;color:#313131;\" ><span>Hoy, los antiguos salones de la villa albergan espacios de trabajo luminosos y modernos. Escritorios ergon\u00f3micos, Internet de alta velocidad y la \u00faltima tecnolog\u00eda para conferencias crean un ambiente de trabajo productivo, enmarcado por techos de estuco y murales hist\u00f3ricos. La antigua sala de m\u00fasica funciona como sala de eventos y goza de una ac\u00fastica excelente para presentaciones, talleres y conferencias. Villa Aurelia combina el estilo hist\u00f3rico con la funcionalidad contempor\u00e1nea.<\/span>\n<\/div>\r\n\t\t\t\t\t<\/div>\r\n\t\t\t\t<\/div><\/div><\/div><\/div><div class=\"wpb_column vc_column_container vc_col-sm-12\"><div class=\"vc_column-inner\"><div class=\"wpb_wrapper\"><div class=\"deeper-spacer clearfix\" data-config='{\"desktop\":100,\"mobile\":80,\"smobile\":50}'><\/div><\/div><\/div><\/div><\/div><div class=\"vc_row wpb_row vc_row-fluid position-relative\"><div class=\"wpb_column vc_column_container vc_col-sm-12\"><div class=\"vc_column-inner\"><div class=\"wpb_wrapper\"><div class=\"deeper-spacer clearfix\" data-config='{\"desktop\":100,\"mobile\":80,\"smobile\":80}'><\/div><\/div><\/div><\/div><div class=\"wpb_column vc_column_container vc_col-sm-6\"><div class=\"vc_column-inner\"><div class=\"wpb_wrapper\"><div class=\"deeper-content-box clearfix ctb-1875128729\" style=\"\" data-config='{\"padding\":\"7% 7% 0 0\",\"mobiPadding\":\"0\",\"margin\":\"0\",\"mobiMargin\":\"0\",\"borderStyle\":\"solid\"}'>\r\n\t\t\t\t\t<div class=\"inner\" style=\"\">\r\n\t\t\t\t\t\t<div class=\"deeper-spacer clearfix\" data-config='{\"desktop\":40,\"mobile\":40,\"smobile\":40}'><\/div><div class=\"deeper-text align-left\" style=\"font-size:16px;font-weight:400;line-height:24px;letter-spacing:0.01px;color:#313131;\" ><span>Para los viajeros que buscan algo especial, Villa Aurelia ofrece dos apartamentos de vacaciones cuidadosamente renovados. Mobiliario de alta calidad, muebles elegantes y detalles cuidados con esmero crean un refugio para el descanso o el trabajo creativo. La tranquila ubicaci\u00f3n en el coraz\u00f3n de Lindenthal y la proximidad a cafeter\u00edas, restaurantes y el bosque de la ciudad de Colonia los convierten en el punto de partida perfecto para explorar Colonia.<\/span>\n<\/div><div class=\"deeper-spacer clearfix\" data-config='{\"desktop\":45,\"mobile\":45,\"smobile\":45}'><\/div><div class=\"deeper-text align-left\" style=\"font-size:16px;font-weight:400;line-height:24px;letter-spacing:0.01px;color:#313131;\" ><span>A lo largo de las d\u00e9cadas, Villa Aurelia ha sufrido numerosas transformaciones: de residencia noble a refugio en tiempos de guerra, pasando por plat\u00f3 cinematogr\u00e1fico. Sus actuales propietarios, un innovador equipo de empresarios, se han propuesto conservar y restaurar la propiedad catalogada sin renunciar a la tecnolog\u00eda m\u00e1s avanzada. Se cuida hasta el \u00faltimo detalle, desde el ornamentado estuco hasta las nost\u00e1lgicas manillas de las puertas.<\/span>\n<\/div><div class=\"deeper-spacer clearfix\" data-config='{\"desktop\":45,\"mobile\":45,\"smobile\":45}'><\/div><div class=\"deeper-text align-left\" style=\"font-size:16px;font-weight:400;line-height:24px;letter-spacing:0.01px;color:#313131;\" ><span>Pasear por Villa Aurelia es como viajar en el tiempo: Cada habitaci\u00f3n cuenta la historia de las \u00e9pocas glamurosas de Colonia, mientras que el concepto de coworking y los pisos de vacaciones reflejan el pulso de la modernidad. El resultado es un lugar donde la historia sigue siendo tangible y se fomenta la innovaci\u00f3n, ideal tanto para viajeros de negocios que buscan un lugar inspirador para trabajar como para veraneantes que desean relajarse en un entorno extraordinario.<\/span>\n<\/div>\r\n\t\t\t\t\t<\/div>\r\n\t\t\t\t<\/div><\/div><\/div><\/div><div class=\"wpb_column vc_column_container vc_col-sm-6\"><div class=\"vc_column-inner\"><div class=\"wpb_wrapper\"><div class=\"deeper-parallax-box\"><div class=\"parallax-wrap\"><div class=\"deeper-parallax-item has-width\" style=\"left:auto;right:-24%;margin-top:65%;width:52%;\" data-parallax='{\"x\" : 0,\"y\" : -40, \"smoothness\" : 30}' data-top=\"65%\"><img decoding=\"async\" class=\"parallax-image\" src=\"https:\/\/villa-aurelia.de\/wp-content\/uploads\/2020\/06\/shape-04.png\" alt=\"imagen\"> <\/div><div class=\"deeper-parallax-item\" style=\"border-radius:50px;\" data-parallax='{\"x\" : 0,\"y\" : 0, \"smoothness\" : 30}' data-top=\"\"><img decoding=\"async\" class=\"parallax-image\" src=\"https:\/\/villa-aurelia.de\/wp-content\/uploads\/2024\/07\/ueu-villa2.jpg\" alt=\"imagen\"> <\/div><\/div><\/div><div class=\"deeper-spacer clearfix\" data-config='{\"smobile\":50}'><\/div><\/div><\/div><\/div><div class=\"wpb_column vc_column_container vc_col-sm-12\"><div class=\"vc_column-inner\"><div class=\"wpb_wrapper\"><div class=\"deeper-spacer clearfix\" data-config='{\"desktop\":100,\"mobile\":80,\"smobile\":50}'><\/div><\/div><\/div><\/div><\/div><div data-vc-full-width=\"true\" data-vc-full-width-init=\"false\" class=\"vc_row wpb_row vc_row-fluid vc_custom_1721741327723 vc_row-has-fill position-relative\"><div class=\"wpb_column vc_column_container vc_col-sm-12\"><div class=\"vc_column-inner\"><div class=\"wpb_wrapper\"><div class=\"deeper-spacer clearfix\" data-config='{\"desktop\":115,\"mobile\":100,\"smobile\":100}'><\/div><h2 class=\"deeper-text align-center  text-has-width wow fadeInDown\" style=\"font-size:32px;line-height:40px;letter-spacing:-0.3px;max-width:850px;color:#ffffff;\"  data-wow-duration=\"0.75s\" data-wow-delay=\"0.3s\"><span>Sentado en el cuidado jard\u00edn, podr\u00e1 disfrutar de un ambiente tranquilo e imaginar c\u00f3mo pasaban las tardes los residentes de la villa: leyendo, charlando o simplemente disfrutando de la paz y la tranquilidad.<\/span>\n<\/h2><div class=\"deeper-spacer clearfix\" data-config='{\"desktop\":115,\"mobile\":100,\"smobile\":100}'><\/div><\/div><\/div><\/div><\/div><div class=\"vc_row-full-width vc_clearfix\"><\/div>\n<\/div>","protected":false},"excerpt":{"rendered":"Ein Ort, der Geschichte atmet \u2013 und Raum f\u00fcr neue Ideen bietet Eingebettet in den gehobenen K\u00f6lner Stadtteil Lindenthal, umgeben von liebevoll gepflegten G\u00e4rten, steht die pr\u00e4chtige Villa Aurelia. Erbaut um 1900, verspr\u00fcht dieses architektonische Juwel den Charme der Gr\u00fcnderzeit und beherbergt heute nicht nur einen hochmodernen Coworking-Space, sondern auch","protected":false},"author":1,"featured_media":0,"parent":0,"menu_order":0,"comment_status":"closed","ping_status":"closed","template":"","meta":{"_monsterinsights_skip_tracking":false,"_monsterinsights_sitenote_active":false,"_monsterinsights_sitenote_note":"","_monsterinsights_sitenote_category":0,"footnotes":""},"class_list":["post-30","page","type-page","status-publish","hentry"],"aioseo_notices":[],"_links":{"self":[{"href":"https:\/\/villa-aurelia.de\/es\/wp-json\/wp\/v2\/pages\/30","targetHints":{"allow":["GET"]}}],"collection":[{"href":"https:\/\/villa-aurelia.de\/es\/wp-json\/wp\/v2\/pages"}],"about":[{"href":"https:\/\/villa-aurelia.de\/es\/wp-json\/wp\/v2\/types\/page"}],"author":[{"embeddable":true,"href":"https:\/\/villa-aurelia.de\/es\/wp-json\/wp\/v2\/users\/1"}],"replies":[{"embeddable":true,"href":"https:\/\/villa-aurelia.de\/es\/wp-json\/wp\/v2\/comments?post=30"}],"version-history":[{"count":33,"href":"https:\/\/villa-aurelia.de\/es\/wp-json\/wp\/v2\/pages\/30\/revisions"}],"predecessor-version":[{"id":4155,"href":"https:\/\/villa-aurelia.de\/es\/wp-json\/wp\/v2\/pages\/30\/revisions\/4155"}],"wp:attachment":[{"href":"https:\/\/villa-aurelia.de\/es\/wp-json\/wp\/v2\/media?parent=30"}],"curies":[{"name":"wp","href":"https:\/\/api.w.org\/{rel}","templated":true}]}}