{"id":34,"date":"2020-06-11T07:31:59","date_gmt":"2020-06-11T07:31:59","guid":{"rendered":"http:\/\/ninzio.com\/worksquare\/?page_id=34"},"modified":"2024-12-26T14:45:07","modified_gmt":"2024-12-26T13:45:07","slug":"pongase-en-contacto-con","status":"publish","type":"page","link":"https:\/\/villa-aurelia.de\/es\/kontakt\/","title":{"rendered":"Contacto y consultas"},"content":{"rendered":"<div class=\"wpb-content-wrapper\"><div data-vc-full-width=\"true\" data-vc-full-width-init=\"false\" class=\"vc_row wpb_row vc_row-fluid vc_custom_1594700231712 vc_row-has-fill position-relative\"><div class=\"wpb_column vc_column_container vc_col-sm-12\"><div class=\"vc_column-inner\"><div class=\"wpb_wrapper\"><div class=\"deeper-spacer clearfix\" data-config='{\"desktop\":100,\"mobile\":80,\"smobile\":80}'><\/div><h2 class=\"deeper-text align-center\" style=\"font-size:28px;letter-spacing:-0.2px;\" ><span>P\u00f3ngase en contacto con nosotros. Estaremos encantados de atenderle.<\/span>\n<\/h2><div class=\"deeper-spacer clearfix\" data-config='{\"desktop\":70,\"mobile\":50,\"smobile\":50}'><\/div><div class=\"deeper-cf7   align-left\" style=\"max-width:750px; margin:0 auto;\">\n<div class=\"wpcf7 no-js\" id=\"wpcf7-f66-o1\" lang=\"en-US\" dir=\"ltr\" data-wpcf7-id=\"66\">\n<div class=\"screen-reader-response\"><p role=\"status\" aria-live=\"polite\" aria-atomic=\"true\"><\/p> <ul><\/ul><\/div>\n<form action=\"\/es\/wp-json\/wp\/v2\/pages\/34#wpcf7-f66-o1\" method=\"post\" class=\"wpcf7-form init\" aria-label=\"Contact form\" novalidate=\"novalidate\" data-status=\"init\" data-trp-original-action=\"\/es\/wp-json\/wp\/v2\/pages\/34#wpcf7-f66-o1\">\n<fieldset class=\"hidden-fields-container\"><input type=\"hidden\" name=\"_wpcf7\" value=\"66\" \/><input type=\"hidden\" name=\"_wpcf7_version\" value=\"6.1.5\" \/><input type=\"hidden\" name=\"_wpcf7_locale\" value=\"en_US\" \/><input type=\"hidden\" name=\"_wpcf7_unit_tag\" value=\"wpcf7-f66-o1\" \/><input type=\"hidden\" name=\"_wpcf7_container_post\" value=\"0\" \/><input type=\"hidden\" name=\"_wpcf7_posted_data_hash\" value=\"\" \/><input type=\"hidden\" name=\"cf7s-user_id\" value=\"0\" \/><input type=\"hidden\" name=\"cf7sub_nonce\" value=\"4b713c227f\" \/><input type=\"hidden\" name=\"_wpcf7_recaptcha_response\" value=\"\" \/>\n<\/fieldset>\n<div class=\"name-area\">\n\t<p><label>Su nombre*<\/label><br \/>\n<span class=\"wpcf7-form-control-wrap\" data-name=\"your-name\"><input size=\"40\" maxlength=\"400\" class=\"wpcf7-form-control wpcf7-text wpcf7-validates-as-required\" aria-required=\"true\" aria-invalid=\"false\" value=\"\" type=\"text\" name=\"your-name\" \/><\/span>\n\t<\/p>\n<\/div>\n<div class=\"email-area\">\n\t<p><label>Su direcci\u00f3n de correo electr\u00f3nico*.<\/label><br \/>\n<span class=\"wpcf7-form-control-wrap\" data-name=\"your-email\"><input size=\"40\" maxlength=\"400\" class=\"wpcf7-form-control wpcf7-email wpcf7-validates-as-required wpcf7-text wpcf7-validates-as-email\" aria-required=\"true\" aria-invalid=\"false\" value=\"\" type=\"email\" name=\"your-email\" \/><\/span>\n\t<\/p>\n<\/div>\n<div class=\"subject-area\">\n\t<p><label>Tu tema* <\/label><br \/>\n<span class=\"wpcf7-form-control-wrap\" data-name=\"your-subject\"><input size=\"40\" maxlength=\"400\" class=\"wpcf7-form-control wpcf7-text\" aria-invalid=\"false\" value=\"\" type=\"text\" name=\"your-subject\" \/><\/span>\n\t<\/p>\n<\/div>\n<div class=\"service-area\">\n\t<p><label>Su n\u00famero de tel\u00e9fono<\/label><br \/>\n<span class=\"wpcf7-form-control-wrap\" data-name=\"yourphone\"><input size=\"40\" maxlength=\"400\" class=\"wpcf7-form-control wpcf7-tel wpcf7-text wpcf7-validates-as-tel\" aria-invalid=\"false\" value=\"\" type=\"tel\" name=\"yourphone\" \/><\/span>\n\t<\/p>\n<\/div>\n<div class=\"message-area\">\n\t<p><label>Tu mensaje* <\/label><br \/>\n<span class=\"wpcf7-form-control-wrap\" data-name=\"your-message\"><textarea cols=\"40\" rows=\"10\" maxlength=\"2000\" class=\"wpcf7-form-control wpcf7-textarea\" aria-invalid=\"false\" name=\"your-message\"><\/textarea><\/span><br \/>\n<span> Al hacer clic en el bot\u00f3n de abajo, usted acepta nuestras condiciones de uso y ha le\u00eddo y comprendido nuestra pol\u00edtica de privacidad. <\/span>\n\t<\/p>\n<\/div>\n<p><input class=\"wpcf7-form-control wpcf7-submit has-spinner\" type=\"submit\" value=\"Enviar\" \/>\n<\/p><div class=\"wpcf7-response-output\" aria-hidden=\"true\"><\/div>\n<input type=\"hidden\" name=\"trp-form-language\" value=\"es\"\/><\/form>\n<\/div>\n<\/div><div class=\"deeper-spacer clearfix\" data-config='{\"desktop\":100,\"mobile\":80,\"smobile\":80}'><\/div><div class=\"deeper-divider divider-center divider-solid\" style=\"width:100%;border-width:1px;border-top-color:#e7e7e7;\"><\/div><div class=\"clearfix\"><\/div><\/div><\/div><\/div><\/div><div class=\"vc_row-full-width vc_clearfix\"><\/div><div class=\"vc_row wpb_row vc_row-fluid position-relative\"><div class=\"wpb_column vc_column_container vc_col-sm-12\"><div class=\"vc_column-inner\"><div class=\"wpb_wrapper\"><div class=\"deeper-spacer clearfix\" data-config='{\"desktop\":100,\"mobile\":80,\"smobile\":80}'><\/div><\/div><\/div><\/div><div class=\"wpb_column vc_column_container vc_col-sm-5\"><div class=\"vc_column-inner\"><div class=\"wpb_wrapper\"><h5 class=\"deeper-text align-left\" style=\"font-size:16px;font-weight:600;letter-spacing:-0.2px;margin-bottom:16px;color:#074883;font-family:Open Sans;\" ><span>Hablemos de c\u00f3mo podemos ayudarle.<\/span>\n<\/h5><h2 class=\"deeper-text align-left  text-has-width\" style=\"font-size:32px;letter-spacing:-0.2px;max-width:800px;\" ><span>Nuestro punto fuerte es nuestra capacidad para atender sus necesidades individuales.<\/span>\n<\/h2><\/div><\/div><\/div><div class=\"wpb_column vc_column_container vc_col-sm-7\"><div class=\"vc_column-inner\"><div class=\"wpb_wrapper\"><div class=\"deeper-spacer clearfix\" data-config='{\"desktop\":40,\"mobile\":40,\"smobile\":40}'><\/div>\n\t<div class=\"wpb_text_column wpb_content_element\" >\n\t\t<div class=\"wpb_wrapper\">\n\t\t\t<p>Dise\u00f1amos, construimos y gestionamos lugares inspiradores donde los turistas pueden recargar las pilas y los entusiastas del coworking pueden trabajar de forma productiva. Uno de nuestros expertos estar\u00e1 encantado de ponerse en contacto contigo para hablar de tus necesidades particulares, tanto si buscas un descanso relajante como oportunidades de trabajo flexible.<\/p>\n\n\t\t<\/div>\n\t<\/div>\n<\/div><\/div><\/div><div class=\"wpb_column vc_column_container vc_col-sm-12\"><div class=\"vc_column-inner\"><div class=\"wpb_wrapper\"><div class=\"deeper-spacer clearfix\" data-config='{\"desktop\":70,\"mobile\":50,\"smobile\":50}'><\/div><\/div><\/div><\/div><\/div><div class=\"vc_row wpb_row vc_row-fluid position-relative\"><div class=\"wpb_column vc_column_container vc_col-sm-6 vc_col-md-4\"><div class=\"vc_column-inner\"><div class=\"wpb_wrapper\"><div class=\"deeper-content-box clearfix ctb-1092114717 hover-effect-3 wow fadeInUp\" style=\"\" data-config='{\"padding\":\"55px 0 60px\",\"mobiPadding\":\"55px 0 60px\",\"margin\":\"0\",\"mobiMargin\":\"0\",\"round\":\"10px\",\"border\":\"1px\",\"borderStyle\":\"solid\",\"borderColor\":\"#e7e7e7\",\"borderColorHover\":\"#ffffff\"}' data-wow-duration=\"0.75s\" data-wow-delay=\"0.3s\">\r\n\t\t\t\t\t<div class=\"inner\" style=\"overflow:hidden;\">\r\n\t\t\t\t\t\t<div class=\"deeper-icon-box clearfix icon-top align-center\" style=\"\" >\n\t\t\t\t\t<div class=\"deeper-icon icon-font icon-1467841096\" data-config='{\"color\":\"#9abe34\",\"fontSize\":\"45px\",\"height\":\"40px\",\"lineHeight\":\"40px\",\"margin\":\"0 0 25px 0\"}'>\n\t\t\t\t\t\t\t<span class=\"icon-wrap\"><i class=\"pe-7s-map-2\"><\/i><\/span>\n\t\t\t\t\t\t<\/div> <h3 class=\"heading\" style=\"font-size:20px;letter-spacing:-0.2px;margin-bottom:15px;\">\n\t\t\t\t\t\t<span>Nuestra ubicaci\u00f3n<\/span>\n\t\t\t\t\t<\/h3><div class=\"desc\" style=\"font-size:16px;letter-spacing:-0.01px;\"><ul class=\"no-margin\">\n<li>Colonia - Lindenthal<\/li>\n<li><span>Calle Bachemer 91<\/span><\/li>\n<\/ul>\n<\/div> \n\t\t\t\t<\/div>\r\n\t\t\t\t\t<\/div>\r\n\t\t\t\t<\/div><div class=\"deeper-spacer clearfix\" data-config='{\"mobile\":30,\"smobile\":30}'><\/div><\/div><\/div><\/div><div class=\"wpb_column vc_column_container vc_col-sm-6 vc_col-md-4\"><div class=\"vc_column-inner\"><div class=\"wpb_wrapper\"><div class=\"deeper-content-box clearfix ctb-948970778 hover-effect-3 wow fadeInUp\" style=\"\" data-config='{\"padding\":\"55px 0 60px\",\"mobiPadding\":\"55px 0 60px\",\"margin\":\"0\",\"mobiMargin\":\"0\",\"round\":\"10px\",\"border\":\"1px\",\"borderStyle\":\"solid\",\"borderColor\":\"#e7e7e7\",\"borderColorHover\":\"#ffffff\"}' data-wow-duration=\"0.75s\" data-wow-delay=\"0.5s\">\r\n\t\t\t\t\t<div class=\"inner\" style=\"overflow:hidden;\">\r\n\t\t\t\t\t\t<div class=\"deeper-icon-box clearfix icon-top align-center\" style=\"\" >\n\t\t\t\t\t<div class=\"deeper-icon icon-font icon-54663559\" data-config='{\"color\":\"#9abe34\",\"fontSize\":\"45px\",\"height\":\"40px\",\"lineHeight\":\"40px\",\"margin\":\"0 0 25px 0\"}'>\n\t\t\t\t\t\t\t<span class=\"icon-wrap\"><i class=\"pe-7s-help2\"><\/i><\/span>\n\t\t\t\t\t\t<\/div> <h3 class=\"heading\" style=\"font-size:20px;letter-spacing:-0.2px;margin-bottom:15px;\">\n\t\t\t\t\t\t<span>Ll\u00e1menos<\/span>\n\t\t\t\t\t<\/h3><div class=\"desc\" style=\"font-size:16px;letter-spacing:-0.01px;\"><p>+49 221 6505620<\/p>\n<\/div> \n\t\t\t\t<\/div>\r\n\t\t\t\t\t<\/div>\r\n\t\t\t\t<\/div><div class=\"deeper-spacer clearfix\" data-config='{\"mobile\":30,\"smobile\":30}'><\/div><\/div><\/div><\/div><div class=\"wpb_column vc_column_container vc_col-sm-6 vc_col-md-4\"><div class=\"vc_column-inner\"><div class=\"wpb_wrapper\"><div class=\"deeper-content-box clearfix ctb-1647842070 hover-effect-3 wow fadeInUp\" style=\"\" data-config='{\"padding\":\"55px 0 60px\",\"mobiPadding\":\"55px 0 60px\",\"margin\":\"0\",\"mobiMargin\":\"0\",\"round\":\"10px\",\"border\":\"1px\",\"borderStyle\":\"solid\",\"borderColor\":\"#e7e7e7\",\"borderColorHover\":\"#ffffff\"}' data-wow-duration=\"0.75s\" data-wow-delay=\"0.9s\">\r\n\t\t\t\t\t<div class=\"inner\" style=\"overflow:hidden;\">\r\n\t\t\t\t\t\t<div class=\"deeper-icon-box clearfix icon-top align-center\" style=\"\" >\n\t\t\t\t\t<div class=\"deeper-icon icon-font icon-1513407353\" data-config='{\"color\":\"#9abe34\",\"fontSize\":\"45px\",\"height\":\"40px\",\"lineHeight\":\"40px\",\"margin\":\"0 0 25px 0\"}'>\n\t\t\t\t\t\t\t<span class=\"icon-wrap\"><i class=\"pe-7s-help1\"><\/i><\/span>\n\t\t\t\t\t\t<\/div> <h3 class=\"heading\" style=\"font-size:20px;letter-spacing:-0.2px;margin-bottom:15px;\">\n\t\t\t\t\t\t<span>P\u00f3ngase en contacto con nosotros<\/span>\n\t\t\t\t\t<\/h3><div class=\"desc\" style=\"font-size:16px;letter-spacing:-0.01px;\"><p>info@villa-aurelia.de<\/p>\n<\/div> \n\t\t\t\t<\/div>\r\n\t\t\t\t\t<\/div>\r\n\t\t\t\t<\/div><\/div><\/div><\/div><div class=\"wpb_column vc_column_container vc_col-sm-12\"><div class=\"vc_column-inner\"><div class=\"wpb_wrapper\"><div class=\"deeper-spacer clearfix\" data-config='{\"desktop\":100,\"mobile\":80,\"smobile\":80}'><\/div><\/div><\/div><\/div><\/div><div data-vc-full-width=\"true\" data-vc-full-width-init=\"false\" class=\"vc_row wpb_row vc_row-fluid vc_custom_1721897166918 vc_row-has-fill position-relative\"><div class=\"wpb_column vc_column_container vc_col-sm-12\"><div class=\"vc_column-inner\"><div class=\"wpb_wrapper\"><div class=\"deeper-spacer clearfix\" data-config='{\"desktop\":115,\"mobile\":100,\"smobile\":100}'><\/div><h2 class=\"deeper-text align-center  text-has-width wow fadeInDown\" style=\"font-size:32px;line-height:40px;letter-spacing:-0.3px;max-width:850px;color:#ffffff;\"  data-wow-duration=\"0.75s\" data-wow-delay=\"0.3s\"><span>P\u00f3ngase en contacto con nosotros ahora y descubra c\u00f3mo nuestros exclusivos pisos de vacaciones ofrecen unas vacaciones relajantes y c\u00f3mo nuestros modernos espacios de coworking fomentan el trabajo productivo. Tanto si buscas un descanso como si quieres impulsar tu negocio, \u00a1estamos aqu\u00ed para ti!<\/span>\n<\/h2><div class=\"deeper-spacer clearfix\" data-config='{\"desktop\":115,\"mobile\":100,\"smobile\":100}'><\/div><\/div><\/div><\/div><\/div><div class=\"vc_row-full-width vc_clearfix\"><\/div>\n<\/div>","protected":false},"excerpt":{"rendered":"Nehmen Sie Kontakt mit uns auf. Wir freuen uns, von Ihnen zu h\u00f6ren. Ihr Name* Ihre E-Mailadresse* Ihr Thema* Ihre Telefonnummer Ihre Nachricht* Indem Sie auf die untenstehende Schaltfl\u00e4che klicken, erkl\u00e4ren Sie sich mit unseren Nutzungsbedingungen einverstanden und haben unsere Datenschutzrichtlinie gelesen und verstanden. Lassen Sie uns besprechen, wie wir","protected":false},"author":1,"featured_media":0,"parent":0,"menu_order":0,"comment_status":"closed","ping_status":"closed","template":"","meta":{"_monsterinsights_skip_tracking":false,"_monsterinsights_sitenote_active":false,"_monsterinsights_sitenote_note":"","_monsterinsights_sitenote_category":0,"footnotes":""},"class_list":["post-34","page","type-page","status-publish","hentry"],"aioseo_notices":[],"_links":{"self":[{"href":"https:\/\/villa-aurelia.de\/es\/wp-json\/wp\/v2\/pages\/34","targetHints":{"allow":["GET"]}}],"collection":[{"href":"https:\/\/villa-aurelia.de\/es\/wp-json\/wp\/v2\/pages"}],"about":[{"href":"https:\/\/villa-aurelia.de\/es\/wp-json\/wp\/v2\/types\/page"}],"author":[{"embeddable":true,"href":"https:\/\/villa-aurelia.de\/es\/wp-json\/wp\/v2\/users\/1"}],"replies":[{"embeddable":true,"href":"https:\/\/villa-aurelia.de\/es\/wp-json\/wp\/v2\/comments?post=34"}],"version-history":[{"count":21,"href":"https:\/\/villa-aurelia.de\/es\/wp-json\/wp\/v2\/pages\/34\/revisions"}],"predecessor-version":[{"id":4056,"href":"https:\/\/villa-aurelia.de\/es\/wp-json\/wp\/v2\/pages\/34\/revisions\/4056"}],"wp:attachment":[{"href":"https:\/\/villa-aurelia.de\/es\/wp-json\/wp\/v2\/media?parent=34"}],"curies":[{"name":"wp","href":"https:\/\/api.w.org\/{rel}","templated":true}]}}