{"id":20,"date":"2020-06-11T07:26:15","date_gmt":"2020-06-11T07:26:15","guid":{"rendered":"http:\/\/ninzio.com\/worksquare\/?page_id=20"},"modified":"2024-08-20T09:59:54","modified_gmt":"2024-08-20T07:59:54","slug":"jobs","status":"publish","type":"page","link":"https:\/\/villa-aurelia.de\/fr\/jobs\/","title":{"rendered":"Emplois"},"content":{"rendered":"<div class=\"wpb-content-wrapper\"><div class=\"vc_row wpb_row vc_row-fluid position-relative\"><div class=\"wpb_column vc_column_container vc_col-sm-12\"><div class=\"vc_column-inner\"><div class=\"wpb_wrapper\">\n\t\t\t<!-- START Slider 4 REVOLUTION SLIDER 6.7.15 --><p class=\"rs-p-wp-fix\"><\/p>\n\t\t\t<rs-module-wrap id=\"rev_slider_4_1_wrapper\" data-source=\"gallery\" style=\"visibility:hidden;background:transparent;padding:0;margin:0px auto;margin-top:0;margin-bottom:0;\">\n\t\t\t\t<rs-module id=\"rev_slider_4_1\" style=\"\" data-version=\"6.7.15\">\n\t\t\t\t\t<rs-slides style=\"overflow: hidden; position: absolute;\">\n\t\t\t\t\t\t<rs-slide style=\"position: absolute;\" data-key=\"rs-4\" data-title=\"Slide\" data-in=\"o:0;\" data-out=\"a:false;\">\n\t\t\t\t\t\t\t<img decoding=\"async\" src=\"\/\/villa-aurelia.de\/wp-content\/plugins\/revslider\/sr6\/assets\/assets\/dummy.png\" alt=\"\" title=\"Banner Privatb\u00fcro\" width=\"1920\" height=\"1080\" class=\"rev-slidebg tp-rs-img rs-lazyload\" data-lazyload=\"\/\/villa-aurelia.de\/wp-content\/uploads\/2024\/07\/Banner-Privatbuero-4.jpg\" data-no-retina>\n<!--\n\t\t\t\t\t\t\t--><rs-layer\n\t\t\t\t\t\t\t\tid=\"slider-4-slide-4-layer-0\" \n\t\t\t\t\t\t\t\tdata-type=\"text\"\n\t\t\t\t\t\t\t\tdata-tsh=\"h:3px,2px,2px,2px;v:2px,1px,2px,1px;\"\n\t\t\t\t\t\t\t\tdata-rsp_ch=\"on\"\n\t\t\t\t\t\t\t\tdata-xy=\"xo:-1px,20px,35px,31px;yo:342px,296px,238px,229px;\"\n\t\t\t\t\t\t\t\tdata-text=\"w:normal;s:50,60,56,48;l:68,58,56,50;ls:-1px,0px,0px,0px;\"\n\t\t\t\t\t\t\t\tdata-dim=\"w:488px,450px,420px,340px;\"\n\t\t\t\t\t\t\t\tdata-frame_0=\"y:50,43,32,19;\"\n\t\t\t\t\t\t\t\tdata-frame_1=\"sp:1000;\"\n\t\t\t\t\t\t\t\tdata-frame_999=\"o:0;st:w;\"\n\t\t\t\t\t\t\t\tstyle=\"z-index:5;font-family:'Source Serif 4';\"\n\t\t\t\t\t\t\t><span class=\"heading-font\">Arbeit hat sich noch nie so gut angef\u00fchlt.<\/span> \n\t\t\t\t\t\t\t<\/rs-layer><!--\n\n\t\t\t\t\t\t\t--><rs-layer\n\t\t\t\t\t\t\t\tid=\"slider-4-slide-4-layer-1\" \n\t\t\t\t\t\t\t\tdata-type=\"text\"\n\t\t\t\t\t\t\t\tdata-tsh=\"h:2px,2px,1px,1px;v:1px,1px,2px,1px;\"\n\t\t\t\t\t\t\t\tdata-xy=\"xo:33px,36px,34px,31px;yo:504px,476px,417px,387px;\"\n\t\t\t\t\t\t\t\tdata-text=\"w:normal;s:18;l:27;\"\n\t\t\t\t\t\t\t\tdata-dim=\"w:430px,430px,300px,280px;\"\n\t\t\t\t\t\t\t\tdata-rsp_bd=\"off\"\n\t\t\t\t\t\t\t\tdata-frame_0=\"y:50,43,32,19;\"\n\t\t\t\t\t\t\t\tdata-frame_1=\"st:300;sp:1000;\"\n\t\t\t\t\t\t\t\tdata-frame_999=\"o:0;st:w;\"\n\t\t\t\t\t\t\t\tstyle=\"z-index:6;font-family:'Source Serif 4';\"\n\t\t\t\t\t\t\t>Villa Aurelia: Mehr als nur ein Arbeitsplatz. Entdecken Sie eine inspirierende Umgebung, in der sich Arbeit wie ein Vergn\u00fcgen anf\u00fchlt.<br \/>\n \n\t\t\t\t\t\t\t<\/rs-layer><!--\n-->\t\t\t\t\t<\/rs-slide>\n\t\t\t\t\t<\/rs-slides>\n\t\t\t\t<\/rs-module>\n\t\t\t\t<script>\n\t\t\t\t\tsetREVStartSize({c: 'rev_slider_4_1',rl:[1240,1024,778,480],el:[940,900,900,800],gw:[1170,1024,778,480],gh:[940,900,900,800],type:'standard',justify:'',layout:'fullwidth',mh:\"0\"});if (window.RS_MODULES!==undefined && window.RS_MODULES.modules!==undefined && window.RS_MODULES.modules[\"revslider41\"]!==undefined) {window.RS_MODULES.modules[\"revslider41\"].once = false;window.revapi4 = undefined;if (window.RS_MODULES.checkMinimal!==undefined) window.RS_MODULES.checkMinimal()}\n\t\t\t\t<\/script>\n\t\t\t<\/rs-module-wrap>\n\t\t\t<!-- END REVOLUTION SLIDER -->\n<\/div><\/div><\/div><\/div><div class=\"vc_row wpb_row vc_row-fluid position-relative\"><div class=\"wpb_column vc_column_container vc_col-sm-12\"><div class=\"vc_column-inner\"><div class=\"wpb_wrapper\"><div class=\"deeper-spacer clearfix\" data-config='{\"desktop\":150,\"mobile\":120,\"smobile\":120}'><\/div><h5 class=\"deeper-text align-center \" style=\"font-size:16px;font-weight:600;letter-spacing:-0.2px;margin-bottom:16px;color:#313131;font-family:Open Sans;\" ><span>Ihre Chance, Teil unseres innovativen Teams zu werden!<\/span>\n<\/h5><h2 class=\"deeper-text align-center \" style=\"font-size:28px;letter-spacing:-0.2px;margin-bottom:40px;color:#313131;\" ><span>Entdecken Sie Ihre Zukunft bei Villa Aurelia<\/span>\n<\/h2><h6 class=\"deeper-text align-center  text-has-width\" style=\"font-size:18px;font-weight:600;line-height:27px;letter-spacing:-0.2px;max-width:850px;color:#313131;font-family:Open Sans;\" ><span>Obwohl wir derzeit keine offenen Stellen haben, sind wir immer auf der Suche nach talentierten und leidenschaftlichen Fachleuten, die unser Team bereichern m\u00f6chten. Bei Villa Aurelia sch\u00e4tzen wir Kreativit\u00e4t, Engagement und eine positive Arbeitskultur. Wenn Sie der Meinung sind, dass Ihre F\u00e4higkeiten und Ihr Antrieb perfekt zu uns passen, freuen wir uns auf Ihre Initiativbewerbung. Lassen Sie uns gemeinsam die Zukunft gestalten und in einem inspirierenden Umfeld wachsen. Senden Sie uns Ihre Bewerbung und erz\u00e4hlen Sie uns, wie Sie einen Unterschied machen k\u00f6nnen!<\/span>\n<\/h6><div class=\"deeper-spacer clearfix\" data-config='{\"desktop\":70,\"mobile\":50,\"smobile\":50}'><\/div><\/div><\/div><\/div><div class=\"wpb_column vc_column_container vc_col-sm-6 vc_col-md-8\"><div class=\"vc_column-inner\"><div class=\"wpb_wrapper\"><div class=\"deeper-parallax-box\"><div class=\"parallax-wrap\"><div class=\"deeper-parallax-item has-width\" style=\"left:-17%;margin-top:-1%;width:38%;\" data-parallax='{\"x\" : 0,\"y\" : -40, \"smoothness\" : 30}' data-top=\"-1%\"><img decoding=\"async\" class=\"parallax-image\" src=\"https:\/\/villa-aurelia.de\/wp-content\/uploads\/2020\/07\/shape-09.png\" alt=\"image\"> <\/div><div class=\"deeper-parallax-item has-width\" style=\"left:-2%;margin-top:47%;width:39%;\" data-parallax='{\"x\" : -20,\"y\" : 20, \"smoothness\" : 30}' data-top=\"47%\"><img decoding=\"async\" class=\"parallax-image\" src=\"https:\/\/villa-aurelia.de\/wp-content\/uploads\/2020\/07\/shape-10.png\" alt=\"image\"> <\/div><div class=\"deeper-parallax-item \" style=\"border-radius:50px;\" data-parallax='{\"x\" : 0,\"y\" : 0, \"smoothness\" : 30}' data-top=\"\"><img decoding=\"async\" class=\"parallax-image\" src=\"https:\/\/villa-aurelia.de\/wp-content\/uploads\/2024\/07\/Design-ohne-Titel-22.png\" alt=\"image\"> <\/div><\/div><\/div><div class=\"deeper-spacer clearfix\" data-config='{\"smobile\":70}'><\/div><\/div><\/div><\/div><div class=\"wpb_column vc_column_container vc_col-sm-6 vc_col-md-4\"><div class=\"vc_column-inner\"><div class=\"wpb_wrapper\"><div class=\"deeper-content-box clearfix ctb-2055039529\" style=\"\" data-config='{\"padding\":\"10% 0 0 35px\",\"mobiPadding\":\"0\",\"margin\":\"0\",\"mobiMargin\":\"0\",\"borderStyle\":\"solid\"}'>\r\n\t\t\t\t\t<div class=\"inner \" style=\"\">\r\n\t\t\t\t\t\t<div class=\"deeper-icon-box clearfix icon-top align-left wow fadeInUp\" style=\"\"  data-wow-duration=\"0.75s\" data-wow-delay=\"0.3s\">\n\t\t\t\t\t<div class=\"deeper-icon icon-font icon-1990073755\" data-config='{\"color\":\"#313131\",\"fontSize\":\"55px\",\"height\":\"78px\",\"lineHeight\":\"78px\",\"margin\":\"0 0 0 -10px\"}'>\n\t\t\t\t\t\t\t<span class=\"icon-wrap \"><i class=\"pe-7s-flag\"><\/i><\/span>\n\t\t\t\t\t\t<\/div> <h3 class=\"heading \" style=\"color:#313131;font-size:20px;letter-spacing:-0.2px;margin-bottom:15px;\">\n\t\t\t\t\t\t<span>Etabliert und erfahren<\/span>\n\t\t\t\t\t<\/h3><div class=\"desc \" style=\"color:#313131;font-size:16px;line-height:24px;letter-spacing:0.01px;\"><p>Wir sind stolz darauf, innovative Arbeitsrauml\u00f6sungen anzubieten, auch wenn unser Co-Working-Bereich noch in der Aufbauphase ist und derzeit nur eine begrenzte Anzahl von Kunden betreuen kann.<\/p>\n<\/div> \n\t\t\t\t<\/div><div class=\"deeper-spacer clearfix\" data-config='{\"desktop\":26,\"mobile\":26,\"smobile\":26}'><\/div><div class=\"deeper-icon-box clearfix icon-top align-left wow fadeInUp\" style=\"\"  data-wow-duration=\"0.75s\" data-wow-delay=\"0.5s\">\n\t\t\t\t\t<div class=\"deeper-icon icon-font icon-1254882936\" data-config='{\"color\":\"#313131\",\"fontSize\":\"50px\",\"height\":\"78px\",\"lineHeight\":\"78px\",\"margin\":\"0 0 0 0\"}'>\n\t\t\t\t\t\t\t<span class=\"icon-wrap \"><i class=\"pe-7s-like2\"><\/i><\/span>\n\t\t\t\t\t\t<\/div> <h3 class=\"heading \" style=\"color:#313131;font-size:20px;letter-spacing:-0.2px;margin-bottom:15px;\">\n\t\t\t\t\t\t<span>Vertrauen der Besten<\/span>\n\t\t\t\t\t<\/h3><div class=\"desc \" style=\"color:#313131;font-size:16px;line-height:24px;letter-spacing:0.01px;\"><p>Arbeiten Sie in einer gehobenen Atmosph\u00e4re mit \u00e4u\u00dferst freundlichen Kunden, die unsere Angebote sch\u00e4tzen.<\/p>\n<\/div> \n\t\t\t\t<\/div><div class=\"deeper-spacer clearfix\" data-config='{\"desktop\":26,\"mobile\":26,\"smobile\":26}'><\/div><div class=\"deeper-icon-box clearfix icon-top align-left wow fadeInUp\" style=\"\"  data-wow-duration=\"0.75s\" data-wow-delay=\"0.9s\">\n\t\t\t\t\t<div class=\"deeper-icon icon-font icon-781100411\" data-config='{\"color\":\"#313131\",\"fontSize\":\"50px\",\"height\":\"78px\",\"lineHeight\":\"78px\",\"margin\":\"0 0 0 -5px\"}'>\n\t\t\t\t\t\t\t<span class=\"icon-wrap \"><i class=\"pe-7s-help2\"><\/i><\/span>\n\t\t\t\t\t\t<\/div> <h3 class=\"heading \" style=\"color:#313131;font-size:20px;letter-spacing:-0.2px;margin-bottom:15px;\">\n\t\t\t\t\t\t<span>Erfolg f\u00f6rdern<\/span>\n\t\t\t\t\t<\/h3><div class=\"desc \" style=\"color:#313131;font-size:16px;line-height:24px;letter-spacing:0.01px;\"><p>Erleben Sie abwechslungsreiche T\u00e4tigkeiten in einem inspirierenden Umfeld, das sowohl Kreativit\u00e4t als auch Entspannung erm\u00f6glicht.<\/p>\n<\/div> \n\t\t\t\t<\/div>\r\n\t\t\t\t\t<\/div>\r\n\t\t\t\t<\/div><\/div><\/div><\/div><\/div><div class=\"vc_row wpb_row vc_row-fluid position-relative\"><div class=\"wpb_column vc_column_container vc_col-sm-12\"><div class=\"vc_column-inner\"><div class=\"wpb_wrapper\"><div class=\"deeper-spacer clearfix\" data-config='{\"desktop\":100,\"mobile\":60,\"smobile\":60}'><\/div><\/div><\/div><\/div><\/div>\n<\/div>","protected":false},"excerpt":{"rendered":"Arbeit hat sich noch nie so gut angef\u00fchlt. Villa Aurelia: Mehr als nur ein Arbeitsplatz. Entdecken Sie eine inspirierende Umgebung, in der sich Arbeit wie ein Vergn\u00fcgen anf\u00fchlt. Ihre Chance, Teil unseres innovativen Teams zu werden! Entdecken Sie Ihre Zukunft bei Villa Aurelia Obwohl wir derzeit keine offenen Stellen haben,","protected":false},"author":1,"featured_media":0,"parent":0,"menu_order":0,"comment_status":"closed","ping_status":"closed","template":"","meta":{"_monsterinsights_skip_tracking":false,"_monsterinsights_sitenote_active":false,"_monsterinsights_sitenote_note":"","_monsterinsights_sitenote_category":0,"footnotes":""},"class_list":["post-20","page","type-page","status-publish","hentry"],"aioseo_notices":[],"_links":{"self":[{"href":"https:\/\/villa-aurelia.de\/fr\/wp-json\/wp\/v2\/pages\/20","targetHints":{"allow":["GET"]}}],"collection":[{"href":"https:\/\/villa-aurelia.de\/fr\/wp-json\/wp\/v2\/pages"}],"about":[{"href":"https:\/\/villa-aurelia.de\/fr\/wp-json\/wp\/v2\/types\/page"}],"author":[{"embeddable":true,"href":"https:\/\/villa-aurelia.de\/fr\/wp-json\/wp\/v2\/users\/1"}],"replies":[{"embeddable":true,"href":"https:\/\/villa-aurelia.de\/fr\/wp-json\/wp\/v2\/comments?post=20"}],"version-history":[{"count":8,"href":"https:\/\/villa-aurelia.de\/fr\/wp-json\/wp\/v2\/pages\/20\/revisions"}],"predecessor-version":[{"id":3498,"href":"https:\/\/villa-aurelia.de\/fr\/wp-json\/wp\/v2\/pages\/20\/revisions\/3498"}],"wp:attachment":[{"href":"https:\/\/villa-aurelia.de\/fr\/wp-json\/wp\/v2\/media?parent=20"}],"curies":[{"name":"wp","href":"https:\/\/api.w.org\/{rel}","templated":true}]}}