{"id":2803,"date":"2020-06-11T07:25:02","date_gmt":"2020-06-11T07:25:02","guid":{"rendered":"http:\/\/ninzio.com\/worksquare\/?page_id=12"},"modified":"2024-08-20T09:56:55","modified_gmt":"2024-08-20T07:56:55","slug":"site","status":"publish","type":"page","link":"https:\/\/villa-aurelia.de\/fr\/standort\/","title":{"rendered":"Notre site"},"content":{"rendered":"<div class=\"wpb-content-wrapper\"><div id=\"slider\" class=\"vc_row wpb_row vc_row-fluid position-relative\"><div class=\"wpb_column vc_column_container vc_col-sm-12\"><div class=\"vc_column-inner\"><div class=\"wpb_wrapper\">\n\t\t\t<!-- START Slider 1 REVOLUTION SLIDER 6.7.15 --><p class=\"rs-p-wp-fix\"><\/p>\n\t\t\t<rs-module-wrap id=\"rev_slider_1_1_wrapper\" data-source=\"gallery\" style=\"visibility:hidden;background:transparent;padding:0;margin:0px auto;margin-top:0;margin-bottom:0;\">\n\t\t\t\t<rs-module id=\"rev_slider_1_1\" style=\"\" data-version=\"6.7.15\">\n\t\t\t\t\t<rs-slides style=\"overflow: hidden; position: absolute;\">\n\t\t\t\t\t\t<rs-slide style=\"position: absolute;\" data-key=\"rs-1\" data-title=\"Slide\" data-in=\"o:0;\" data-out=\"a:false;\">\n\t\t\t\t\t\t\t<img decoding=\"async\" src=\"\/\/villa-aurelia.de\/wp-content\/plugins\/revslider\/sr6\/assets\/assets\/dummy.png\" alt=\"\" title=\"jpeg-optimizer_DJI_0302\" width=\"2000\" height=\"1500\" class=\"rev-slidebg tp-rs-img rs-lazyload\" data-lazyload=\"\/\/villa-aurelia.de\/wp-content\/uploads\/2024\/07\/jpeg-optimizer_DJI_0302.jpg\" data-no-retina>\n<!--\n\t\t\t\t\t\t\t--><rs-layer\n\t\t\t\t\t\t\t\tid=\"slider-1-slide-1-layer-0\" \n\t\t\t\t\t\t\t\tdata-type=\"text\"\n\t\t\t\t\t\t\t\tdata-tsh=\"h:3px,2px,1px,0px;v:3px,2px,1px,0px;\"\n\t\t\t\t\t\t\t\tdata-rsp_ch=\"on\"\n\t\t\t\t\t\t\t\tdata-xy=\"xo:0,20px,40px,30px;yo:265px,241px,255px,234px;\"\n\t\t\t\t\t\t\t\tdata-text=\"w:normal;s:82,82,62,42;l:88,88,66,46;ls:-1px,0px,0px,0px;\"\n\t\t\t\t\t\t\t\tdata-dim=\"w:840px,840px,638px,380px;\"\n\t\t\t\t\t\t\t\tdata-frame_0=\"y:50,43,32,19;\"\n\t\t\t\t\t\t\t\tdata-frame_1=\"sp:1000;\"\n\t\t\t\t\t\t\t\tdata-frame_999=\"o:0;st:w;\"\n\t\t\t\t\t\t\t\tstyle=\"z-index:5;font-family:'Roboto';\"\n\t\t\t\t\t\t\t><span class=\"heading-font\">So findest Sie uns<\/span> \n\t\t\t\t\t\t\t<\/rs-layer><!--\n\n\t\t\t\t\t\t\t--><rs-layer\n\t\t\t\t\t\t\t\tid=\"slider-1-slide-1-layer-1\" \n\t\t\t\t\t\t\t\tdata-type=\"text\"\n\t\t\t\t\t\t\t\tdata-color=\"#fff\"\n\t\t\t\t\t\t\t\tdata-tsh=\"h:2px,1px,0px,0px;v:2px,1px,0px,0px;\"\n\t\t\t\t\t\t\t\tdata-rsp_ch=\"on\"\n\t\t\t\t\t\t\t\tdata-xy=\"xo:8px,7px,5px,3px;yo:357px,312px,237px,146px;\"\n\t\t\t\t\t\t\t\tdata-text=\"w:normal;s:16,14,10,6;l:24,21,15,9;ls:2,1,0,0;\"\n\t\t\t\t\t\t\t\tdata-dim=\"minh:0px,none,none,none;\"\n\t\t\t\t\t\t\t\tdata-frame_0=\"y:50,43,32,19;\"\n\t\t\t\t\t\t\t\tdata-frame_1=\"sp:1000;\"\n\t\t\t\t\t\t\t\tdata-frame_999=\"o:0;st:w;\"\n\t\t\t\t\t\t\t\tstyle=\"z-index:5;font-family:'Poppins';\"\n\t\t\t\t\t\t\t>Die Villa Workspace befindet sich im wundersch\u00f6nen Viertel K\u00f6ln-Lindenthal. \n\t\t\t\t\t\t\t<\/rs-layer><!--\n-->\t\t\t\t\t<\/rs-slide>\n\t\t\t\t\t<\/rs-slides>\n\t\t\t\t<\/rs-module>\n\t\t\t\t<script>\n\t\t\t\t\tsetREVStartSize({c: 'rev_slider_1_1',rl:[1240,1024,778,480],el:[990,960,960,860],gw:[1170,1024,778,480],gh:[990,960,960,860],type:'standard',justify:'',layout:'fullwidth',mh:\"0\"});if (window.RS_MODULES!==undefined && window.RS_MODULES.modules!==undefined && window.RS_MODULES.modules[\"revslider11\"]!==undefined) {window.RS_MODULES.modules[\"revslider11\"].once = false;window.revapi1 = undefined;if (window.RS_MODULES.checkMinimal!==undefined) window.RS_MODULES.checkMinimal()}\n\t\t\t\t<\/script>\n\t\t\t<\/rs-module-wrap>\n\t\t\t<!-- END REVOLUTION SLIDER -->\n<\/div><\/div><\/div><\/div><div class=\"vc_row wpb_row vc_row-fluid position-relative\"><div class=\"wpb_column vc_column_container vc_col-sm-12\"><div class=\"vc_column-inner\"><div class=\"wpb_wrapper\"><div class=\"deeper-spacer clearfix\" data-config='{\"desktop\":100,\"mobile\":60,\"smobile\":60}'><\/div><\/div><\/div><\/div><\/div><div class=\"vc_row wpb_row vc_row-fluid position-relative\"><div class=\"wpb_column vc_column_container vc_col-sm-12 vc_col-md-4\"><div class=\"vc_column-inner\"><div class=\"wpb_wrapper\"><div class=\"deeper-content-box clearfix ctb-1980810046\" style=\"\" data-config='{\"padding\":\"11% 0 0 0\",\"mobiPadding\":\"0\",\"margin\":\"0\",\"mobiMargin\":\"0\",\"borderStyle\":\"solid\"}'>\r\n\t\t\t\t\t<div class=\"inner \" style=\"\">\r\n\t\t\t\t\t\t<h2 class=\"deeper-text align-left \" style=\"font-size:24px;letter-spacing:-0.2px;\" ><span>Adresse und Kontaktinformationen<\/span>\n<\/h2><div class=\"deeper-spacer clearfix\" data-config='{\"desktop\":40,\"mobile\":40,\"smobile\":40}'><\/div>\n\t<div class=\"wpb_text_column wpb_content_element\" >\n\t\t<div class=\"wpb_wrapper\">\n\t\t\t<ul>\n<li><strong>Adresse:<\/strong> Bachemer Stra\u00dfe 91, 50931 K\u00f6ln<\/li>\n<li><strong>Telefon:\u00a0\u00a0<\/strong>+49 221 6505620<\/li>\n<li><strong>E-Mail:<\/strong> info@villa-aurelia.de<\/li>\n<\/ul>\n\n\t\t<\/div>\n\t<\/div>\n<div class=\"deeper-spacer clearfix\" data-config='{\"desktop\":37,\"mobile\":37,\"smobile\":37}'><\/div><div class=\"deeper-spacer clearfix\" data-config='{\"desktop\":42,\"mobile\":42,\"smobile\":42}'><\/div>\r\n\t\t\t\t\t<\/div>\r\n\t\t\t\t<\/div><div class=\"deeper-spacer clearfix\" data-config='{\"mobile\":50,\"smobile\":50}'><\/div><\/div><\/div><\/div><div class=\"wpb_column vc_column_container vc_col-sm-12 vc_col-md-8\"><div class=\"vc_column-inner\"><div class=\"wpb_wrapper\"><div class=\"deeper-content-box clearfix ctb-49437379\" style=\"\" data-config='{\"padding\":\"0 0 0 35px\",\"mobiPadding\":\"0\",\"margin\":\"0 -18% 0 0\",\"mobiMargin\":\"0\",\"borderStyle\":\"solid\"}'>\r\n\t\t\t\t\t<div class=\"inner \" style=\"\">\r\n\t\t\t\t\t\t<div class=\"wpb_gmaps_widget wpb_content_element\"><div class=\"wpb_wrapper\"><div class=\"wpb_map_wraper\"><iframe src=\"https:\/\/www.google.com\/maps\/embed?pb=!1m18!1m12!1m3!1d20118.462630597693!2d6.902930486481166!3d50.9272717845403!2m3!1f0!2f0!3f0!3m2!1i1024!2i768!4f13.1!3m3!1m2!1s0x47bf24e0c43fc6b3%3A0x7bb2345b6a1f0065!2sBachemer%20Str.%2091%2C%2050931%20K%C3%B6ln!5e0!3m2!1sde!2sde!4v1722417071007!5m2!1sde!2sde\" width=\"600\" height=\"450\" style=\"border:0;\" allowfullscreen=\"\" loading=\"lazy\" referrerpolicy=\"no-referrer-when-downgrade\"><\/iframe><\/div><\/div><\/div><div class=\"deeper-parallax-box\"><div class=\"parallax-wrap\"><div class=\"deeper-parallax-item has-width z-index-low\" style=\"left:auto;right:-4%;margin-top:-25%;width:33.5%;\" data-parallax='{\"x\" : 0,\"y\" : -40, \"smoothness\" : 30}' data-top=\"-25%\"><img decoding=\"async\" class=\"parallax-image\" src=\"https:\/\/villa-aurelia.de\/wp-content\/uploads\/2020\/06\/shape-02.png\" alt=\"image\"> <\/div><\/div><\/div>\r\n\t\t\t\t\t<\/div>\r\n\t\t\t\t<\/div><\/div><\/div><\/div><div class=\"wpb_column vc_column_container vc_col-sm-12\"><div class=\"vc_column-inner\"><div class=\"wpb_wrapper\"><div class=\"deeper-spacer clearfix\" data-config='{\"desktop\":55,\"mobile\":35,\"smobile\":35}'><\/div><\/div><\/div><\/div><\/div><div class=\"vc_row wpb_row vc_row-fluid position-relative\"><div class=\"wpb_column vc_column_container vc_col-sm-8\"><div class=\"vc_column-inner\"><div class=\"wpb_wrapper\"><div class=\"deeper-parallax-box\"><div class=\"parallax-wrap\"><div class=\"deeper-parallax-item has-width\" style=\"left:-17%;margin-top:35%;width:39%;\" data-parallax='{\"x\" : 0,\"y\" : -20, \"smoothness\" : 30}' data-top=\"35%\"><img decoding=\"async\" class=\"parallax-image\" src=\"https:\/\/villa-aurelia.de\/wp-content\/uploads\/2020\/06\/section-img-04.png\" alt=\"image\"> <\/div><div class=\" wow fadeInUp\" data-wow-duration=\"0.75s\" data-wow-delay=\"0.3s\"><div class=\"deeper-parallax-item has-width hover-effect-5\" data-wow-duration=\"0.75s\" data-wow-delay=\"0.3s\" style=\"left:39%;width:28%;border-radius:15px;\" data-parallax='{\"x\" : 0,\"y\" : 0, \"smoothness\" : 30}' data-top=\"\"><img decoding=\"async\" class=\"parallax-image\" src=\"https:\/\/villa-aurelia.de\/wp-content\/uploads\/2024\/07\/jpeg-optimizer_A7404212.jpg\" alt=\"image\"><\/div><\/div><div class=\" wow fadeInLeft\" data-wow-duration=\"0.75s\" data-wow-delay=\"0.5s\"><div class=\"deeper-parallax-item has-width hover-effect-5\" data-wow-duration=\"0.75s\" data-wow-delay=\"0.5s\" style=\"left:0%;margin-top:20%;width:35%;border-radius:15px;\" data-parallax='{\"x\" : 0,\"y\" : 0, \"smoothness\" : 30}' data-top=\"20%\"><img decoding=\"async\" class=\"parallax-image\" src=\"https:\/\/villa-aurelia.de\/wp-content\/uploads\/2024\/07\/jpeg-optimizer_A7404220.jpg\" alt=\"image\"><\/div><\/div><div class=\" wow fadeInUp\" data-wow-duration=\"0.75s\" data-wow-delay=\"0.9s\"><div class=\"deeper-parallax-item has-width hover-effect-5\" data-wow-duration=\"0.75s\" data-wow-delay=\"0.9s\" style=\"left:39%;margin-top:47%;width:30.5%;border-radius:15px;\" data-parallax='{\"x\" : 0,\"y\" : 0, \"smoothness\" : 30}' data-top=\"47%\"><img decoding=\"async\" class=\"parallax-image\" src=\"https:\/\/villa-aurelia.de\/wp-content\/uploads\/2024\/07\/Work01.jpg\" alt=\"image\"><\/div><\/div><\/div><\/div><div class=\"deeper-spacer clearfix\" data-config='{\"smobile\":50}'><\/div><\/div><\/div><\/div><div class=\"wpb_column vc_column_container vc_col-sm-4\"><div class=\"vc_column-inner\"><div class=\"wpb_wrapper\"><div class=\"deeper-content-box clearfix ctb-1032121130\" style=\"\" data-config='{\"padding\":\"29% 0 0 0\",\"mobiPadding\":\"0\",\"margin\":\"0\",\"mobiMargin\":\"0\",\"borderStyle\":\"solid\"}'>\r\n\t\t\t\t\t<div class=\"inner \" style=\"\">\r\n\t\t\t\t\t\t<div class=\"deeper-spacer clearfix\" data-config='{\"desktop\":40,\"mobile\":40,\"smobile\":40}'><\/div><h5 class=\"deeper-text align-left  wow fadeInDown\" style=\"font-size:16px;font-weight:600;letter-spacing:0.01px;font-family:Open Sans;\"  data-wow-duration=\"0.75s\" data-wow-delay=\"0.5s\"><span>B\u00fcrozeiten<\/span>\n<\/h5><div class=\"deeper-spacer clearfix\" data-config='{\"desktop\":27,\"mobile\":27,\"smobile\":27}'><\/div><div class=\"deeper-text align-left  wow fadeIn\" style=\"font-size:16px;line-height:24px;letter-spacing:0.01px;font-family:Open Sans;\"  data-wow-duration=\"0.75s\" data-wow-delay=\"0.9s\"><span>Die Villa Aurelia ist rund um die Uhr zug\u00e4nglich, sodass Sie jederzeit arbeiten k\u00f6nnen. Ansprechpartner sind vor Ort von Montag bis Freitag, jeweils von 9:00 bis 17:00 Uhr, erreichbar.<\/span>\n<\/div><div class=\"deeper-spacer clearfix\" data-config='{\"desktop\":42,\"mobile\":42,\"smobile\":42}'><\/div><div class=\"url-wrap  align-left\">\r\n\t\t\t\t\t\t<a class=\"deeper-button custom medium btn-1590615656 wow fadeInUp\" style=\"\" href=http:\/\/villa-aurelia.de\/kontakt\/ data-config='{\"color\":\"#ffffff\",\"bg\":\"#9abe34\",\"border\":\"2px solid #9abe34\",\"borderHover\":\"2px solid #ac6141\",\"colorHover\":\"#ffffff\",\"bgHover\":\"#ac6141\"}' data-wow-duration=\"0.75s\" data-wow-delay=\"1.2s\">Frage stellen<\/a>\r\n\t\t\t\t\t<\/div>\r\n\t\t\t\t\t<\/div>\r\n\t\t\t\t<\/div><\/div><\/div><\/div><div class=\"wpb_column vc_column_container vc_col-sm-12\"><div class=\"vc_column-inner\"><div class=\"wpb_wrapper\"><div class=\"deeper-spacer clearfix\" data-config='{\"desktop\":100,\"mobile\":80,\"smobile\":80}'><\/div><\/div><\/div><\/div><\/div><div id=\"services\" data-vc-full-width=\"true\" data-vc-full-width-init=\"false\" class=\"vc_row wpb_row vc_row-fluid position-relative\"><div class=\"wpb_column vc_column_container vc_col-sm-12\"><div class=\"vc_column-inner\"><div class=\"wpb_wrapper\"><div class=\"deeper-spacer clearfix\" data-config='{\"desktop\":100,\"mobile\":80,\"smobile\":80}'><\/div><h2 class=\"deeper-text align-center \" style=\"font-size:32px;letter-spacing:-0.2px;\" ><span>Anfahrtsbeschreibung<\/span>\n<\/h2><div class=\"deeper-spacer clearfix\" data-config='{\"desktop\":70,\"mobile\":50,\"smobile\":50}'><\/div><\/div><\/div><\/div><div class=\"hover-effect-1 wpb_column vc_column_container vc_col-sm-6 vc_col-md-4\"><div class=\"vc_column-inner\"><div class=\"wpb_wrapper\"><div class=\"deeper-content-box clearfix ctb-1448309271 ib-hover-effect-1 wow fadeInUp\" style=\"\" data-config='{\"padding\":\"30px 35px 55px\",\"mobiPadding\":\"30px 35px 55px\",\"margin\":\"0\",\"mobiMargin\":\"0\",\"bg\":\"#ffffff\",\"round\":\"10px\",\"borderStyle\":\"solid\",\"shadow\":\"0 20px 70px 0 rgba(38,42,76,0.1)\"}' data-wow-duration=\"0.75s\" data-wow-delay=\"0.3s\">\r\n\t\t\t\t\t<div class=\"inner \" style=\"overflow:hidden;\">\r\n\t\t\t\t\t\t<div class=\"deeper-icon-box clearfix icon-top align-left\" style=\"\" >\n\t\t\t\t\t<div class=\"deeper-icon icon-font icon-1125534719\" data-config='{\"color\":\"#9abe34\",\"fontSize\":\"70px\",\"margin\":\"0 0 5px -5px\"}'>\n\t\t\t\t\t\t\t<span class=\"icon-wrap \"><i class=\"pe-7s-car\"><\/i><\/span>\n\t\t\t\t\t\t<\/div> <h3 class=\"heading \" style=\"font-size:20px;margin-bottom:20px;\">\n\t\t\t\t\t\t<span>Mit dem Auto<\/span>\n\t\t\t\t\t<\/h3><div class=\"desc \" style=\"font-size:16px;line-height:24px;margin-bottom:25px;\"><p>Die Villa Aurelia liegt zentral in K\u00f6ln und ist leicht \u00fcber die Hauptstra\u00dfen erreichbar. Bitte beachten Sie, dass es keine privaten Parkpl\u00e4tze gibt. Parken ist auf kostenpflichtigen \u00f6ffentlichen Parkpl\u00e4tzen in der N\u00e4he m\u00f6glich.<\/p>\n<\/div> \n\t\t\t\t<\/div>\r\n\t\t\t\t\t<\/div>\r\n\t\t\t\t<\/div><div class=\"deeper-spacer clearfix\" data-config='{\"mobile\":30,\"smobile\":30}'><\/div><\/div><\/div><\/div><div class=\"hover-effect-1 wpb_column vc_column_container vc_col-sm-6 vc_col-md-4\"><div class=\"vc_column-inner\"><div class=\"wpb_wrapper\"><div class=\"deeper-content-box clearfix ctb-651239417 ib-hover-effect-1 wow fadeInUp\" style=\"\" data-config='{\"padding\":\"30px 35px 55px\",\"mobiPadding\":\"30px 35px 55px\",\"margin\":\"0\",\"mobiMargin\":\"0\",\"bg\":\"#ffffff\",\"round\":\"10px\",\"borderStyle\":\"solid\",\"shadow\":\"0 20px 70px 0 rgba(38,42,76,0.1)\"}' data-wow-duration=\"0.75s\" data-wow-delay=\"0.5s\">\r\n\t\t\t\t\t<div class=\"inner \" style=\"overflow:hidden;\">\r\n\t\t\t\t\t\t<div class=\"deeper-icon-box clearfix icon-top align-left\" style=\"\" >\n\t\t\t\t\t<div class=\"deeper-icon icon-font icon-1276170373\" data-config='{\"color\":\"#9abe34\",\"fontSize\":\"70px\",\"margin\":\"0 0 5px -5px\"}'>\n\t\t\t\t\t\t\t<span class=\"icon-wrap \"><i class=\"pe-7s-user-female\"><\/i><\/span>\n\t\t\t\t\t\t<\/div> <h3 class=\"heading \" style=\"font-size:20px;margin-bottom:20px;\">\n\t\t\t\t\t\t<span>Mit \u00f6ffentlichen Verkehrsmitteln<\/span>\n\t\t\t\t\t<\/h3><div class=\"desc \" style=\"font-size:16px;line-height:24px;margin-bottom:25px;\"><p>Die n\u00e4chstgelegene Haltestelle ist Geibelstra\u00dfe, die von der Linie 146 bedient wird. Eine weitere Haltestelle befindet sich in der D\u00fcrener Stra\u00dfe. Von dort f\u00e4hrt die Linie 136. Beide Haltestellen sind ca. 150 Meter von der Villa Aurelia entfernt.<\/p>\n<\/div> \n\t\t\t\t<\/div>\r\n\t\t\t\t\t<\/div>\r\n\t\t\t\t<\/div><div class=\"deeper-spacer clearfix\" data-config='{\"mobile\":30,\"smobile\":30}'><\/div><\/div><\/div><\/div><div class=\"hover-effect-1 wpb_column vc_column_container vc_col-sm-6 vc_col-md-4\"><div class=\"vc_column-inner\"><div class=\"wpb_wrapper\"><div class=\"deeper-content-box clearfix ctb-1842811314 ib-hover-effect-1 wow fadeInUp\" style=\"\" data-config='{\"padding\":\"30px 35px 55px\",\"mobiPadding\":\"30px 35px 55px\",\"margin\":\"0\",\"mobiMargin\":\"0\",\"bg\":\"#ffffff\",\"round\":\"10px\",\"borderStyle\":\"solid\",\"shadow\":\"0 20px 70px 0 rgba(38,42,76,0.1)\"}' data-wow-duration=\"0.75s\" data-wow-delay=\"0.7s\">\r\n\t\t\t\t\t<div class=\"inner \" style=\"overflow:hidden;\">\r\n\t\t\t\t\t\t<div class=\"deeper-icon-box clearfix icon-top align-left\" style=\"\" >\n\t\t\t\t\t<div class=\"deeper-icon icon-font icon-1806180578\" data-config='{\"color\":\"#9abe34\",\"fontSize\":\"70px\",\"margin\":\"0 0 5px -5px\"}'>\n\t\t\t\t\t\t\t<span class=\"icon-wrap \"><i class=\"pe-7s-bicycle\"><\/i><\/span>\n\t\t\t\t\t\t<\/div> <h3 class=\"heading \" style=\"font-size:20px;margin-bottom:20px;\">\n\t\t\t\t\t\t<span>Mit dem Fahrrad<\/span>\n\t\t\t\t\t<\/h3><div class=\"desc \" style=\"font-size:16px;line-height:24px;margin-bottom:25px;\"><p>F\u00fcr Fahrradfahrer stehen vor Ort Fahrradst\u00e4nder zur Verf\u00fcgung, sodass Sie bequem mit dem Fahrrad anreisen k\u00f6nnen.<\/p>\n<\/div> \n\t\t\t\t<\/div>\r\n\t\t\t\t\t<\/div>\r\n\t\t\t\t<\/div><\/div><\/div><\/div><div class=\"wpb_column vc_column_container vc_col-sm-12\"><div class=\"vc_column-inner\"><div class=\"wpb_wrapper\"><div class=\"deeper-spacer clearfix\" data-config='{\"desktop\":100,\"mobile\":80,\"smobile\":80}'><\/div><\/div><\/div><\/div><div class=\"deeper-background row row-full-screen\" style=\"background-image: linear-gradient(to top, #ffffff 0% , #ffffff 42% , #f3f5fb 41% );\"><\/div><\/div><div class=\"vc_row-full-width vc_clearfix\"><\/div>\n<\/div>","protected":false},"excerpt":{"rendered":"So findest Sie uns Die Villa Workspace befindet sich im wundersch\u00f6nen Viertel K\u00f6ln-Lindenthal. Adresse und Kontaktinformationen Adresse: Bachemer Stra\u00dfe 91, 50931 K\u00f6ln Telefon:\u00a0\u00a0+49 221 6505620 E-Mail: info@villa-aurelia.de B\u00fcrozeiten Die Villa Aurelia ist rund um die Uhr zug\u00e4nglich, sodass Sie jederzeit arbeiten k\u00f6nnen. Ansprechpartner sind vor Ort von Montag bis Freitag,","protected":false},"author":1,"featured_media":0,"parent":0,"menu_order":0,"comment_status":"closed","ping_status":"closed","template":"","meta":{"_monsterinsights_skip_tracking":false,"_monsterinsights_sitenote_active":false,"_monsterinsights_sitenote_note":"","_monsterinsights_sitenote_category":0,"footnotes":""},"class_list":["post-2803","page","type-page","status-publish","hentry"],"aioseo_notices":[],"_links":{"self":[{"href":"https:\/\/villa-aurelia.de\/fr\/wp-json\/wp\/v2\/pages\/2803","targetHints":{"allow":["GET"]}}],"collection":[{"href":"https:\/\/villa-aurelia.de\/fr\/wp-json\/wp\/v2\/pages"}],"about":[{"href":"https:\/\/villa-aurelia.de\/fr\/wp-json\/wp\/v2\/types\/page"}],"author":[{"embeddable":true,"href":"https:\/\/villa-aurelia.de\/fr\/wp-json\/wp\/v2\/users\/1"}],"replies":[{"embeddable":true,"href":"https:\/\/villa-aurelia.de\/fr\/wp-json\/wp\/v2\/comments?post=2803"}],"version-history":[{"count":27,"href":"https:\/\/villa-aurelia.de\/fr\/wp-json\/wp\/v2\/pages\/2803\/revisions"}],"predecessor-version":[{"id":3497,"href":"https:\/\/villa-aurelia.de\/fr\/wp-json\/wp\/v2\/pages\/2803\/revisions\/3497"}],"wp:attachment":[{"href":"https:\/\/villa-aurelia.de\/fr\/wp-json\/wp\/v2\/media?parent=2803"}],"curies":[{"name":"wp","href":"https:\/\/api.w.org\/{rel}","templated":true}]}}