{"id":30,"date":"2020-06-11T07:29:27","date_gmt":"2020-06-11T07:29:27","guid":{"rendered":"http:\/\/ninzio.com\/worksquare\/?page_id=30"},"modified":"2024-12-27T15:15:51","modified_gmt":"2024-12-27T14:15:51","slug":"la-villa","status":"publish","type":"page","link":"https:\/\/villa-aurelia.de\/it\/die-villa\/","title":{"rendered":"La villa"},"content":{"rendered":"<div class=\"wpb-content-wrapper\"><div class=\"vc_row wpb_row vc_row-fluid position-relative\"><div class=\"wpb_column vc_column_container vc_col-sm-12\"><div class=\"vc_column-inner\"><div class=\"wpb_wrapper\"><div class=\"deeper-spacer clearfix\" data-config='{\"desktop\":100,\"mobile\":80,\"smobile\":80}'><\/div><\/div><\/div><\/div><div class=\"wpb_column vc_column_container vc_col-sm-6\"><div class=\"vc_column-inner\"><div class=\"wpb_wrapper\"><div class=\"deeper-parallax-box\"><div class=\"parallax-wrap\"><div class=\"deeper-parallax-item has-width\" style=\"left:-24%;margin-top:65%;width:52%;\" data-parallax='{\"x\" : 0,\"y\" : -40, \"smoothness\" : 30}' data-top=\"65%\"><img decoding=\"async\" class=\"parallax-image\" src=\"https:\/\/villa-aurelia.de\/wp-content\/uploads\/2020\/06\/shape-04.png\" alt=\"immagine\"> <\/div><div class=\"deeper-parallax-item\" style=\"border-radius:50px;\" data-parallax='{\"x\" : 0,\"y\" : 0, \"smoothness\" : 30}' data-top=\"\"><img decoding=\"async\" class=\"parallax-image\" src=\"https:\/\/villa-aurelia.de\/wp-content\/uploads\/2024\/07\/ueu-villa.jpg\" alt=\"immagine\"> <\/div><div class=\"wow fadeInUp\" data-wow-duration=\"0.75s\" data-wow-delay=\"5.3s\"><div class=\"deeper-parallax-item\" data-wow-duration=\"0.75s\" data-wow-delay=\"5.3s\" style=\"border-radius:50px;\" data-parallax='{\"x\" : 0,\"y\" : 0, \"smoothness\" : 30}' data-top=\"\"><img decoding=\"async\" class=\"parallax-image\" src=\"https:\/\/villa-aurelia.de\/wp-content\/uploads\/2024\/12\/Bachemer_Strasse_91_1979.jpg\" alt=\"immagine\"><\/div><\/div><\/div><\/div><div class=\"deeper-spacer clearfix\" data-config='{\"smobile\":50}'><\/div><\/div><\/div><\/div><div class=\"wpb_column vc_column_container vc_col-sm-6\"><div class=\"vc_column-inner\"><div class=\"wpb_wrapper\"><div class=\"deeper-content-box clearfix ctb-1297112876\" style=\"\" data-config='{\"padding\":\"7% 0 0\",\"mobiPadding\":\"0\",\"margin\":\"0\",\"mobiMargin\":\"0\",\"borderStyle\":\"solid\"}'>\r\n\t\t\t\t\t<div class=\"inner\" style=\"\">\r\n\t\t\t\t\t\t<h2 class=\"deeper-text align-left\" style=\"font-size:28px;letter-spacing:-0.2px;\" ><span>Un luogo che respira la storia e offre spazio per nuove idee<\/span>\n<\/h2><div class=\"deeper-spacer clearfix\" data-config='{\"desktop\":40,\"mobile\":40,\"smobile\":40}'><\/div><div class=\"deeper-text align-left\" style=\"font-size:16px;font-weight:400;line-height:24px;letter-spacing:0.01px;color:#313131;\" ><span>Nell'elegante quartiere Lindenthal di Colonia, circondata da giardini amorevolmente curati, si trova la magnifica Villa Aurelia. Costruita intorno al 1900, questo gioiello architettonico emana il fascino dell'epoca guglielmina e oggi ospita non solo uno spazio di coworking all'avanguardia, ma anche due eleganti appartamenti per le vacanze. I visitatori possono vivere l'affascinante storia della villa godendo di comfort all'avanguardia.<\/span>\n<\/div><div class=\"deeper-spacer clearfix\" data-config='{\"desktop\":45,\"mobile\":45,\"smobile\":45}'><\/div><div class=\"deeper-text align-left\" style=\"font-size:16px;font-weight:400;line-height:24px;letter-spacing:0.01px;color:#313131;\" ><span>Chiamata cos\u00ec in onore dell'originaria proprietaria Aurelia von Blumenthal, la villa attira l'attenzione di tutti con la sua elegante facciata e le sue finestre ornate. Colonne corinzie, pregiata pietra arenaria della regione dell'Eifel e marmo di Carrara testimoniano l'antica ricchezza dei suoi costruttori. All'interno, si viene accolti da un magnifico ingresso: Una maestosa scala in legno di mogano scuro conduce ai piani superiori, mentre il pavimento \u00e8 ornato da piastrelle in marmo con motivi greco-romani. Un grande lucernario fornisce una luce calda e naturale che mette in risalto i dettagli storici.<\/span>\n<\/div><div class=\"deeper-spacer clearfix\" data-config='{\"desktop\":45,\"mobile\":45,\"smobile\":45}'><\/div><div class=\"deeper-text align-left\" style=\"font-size:16px;font-weight:400;line-height:24px;letter-spacing:0.01px;color:#313131;\" ><span>Oggi, gli antichi saloni della villa ospitano spazi di lavoro luminosi e moderni. Scrivanie ergonomiche, internet ad alta velocit\u00e0 e le pi\u00f9 recenti tecnologie per conferenze creano un'atmosfera di lavoro produttiva, incorniciata da soffitti in stucco e murales storici. L'ex sala della musica funge da sala eventi e vanta un'acustica eccellente per presentazioni, workshop e conferenze. Villa Aurelia combina cos\u00ec il fascino storico con la funzionalit\u00e0 contemporanea.<\/span>\n<\/div>\r\n\t\t\t\t\t<\/div>\r\n\t\t\t\t<\/div><\/div><\/div><\/div><div class=\"wpb_column vc_column_container vc_col-sm-12\"><div class=\"vc_column-inner\"><div class=\"wpb_wrapper\"><div class=\"deeper-spacer clearfix\" data-config='{\"desktop\":100,\"mobile\":80,\"smobile\":50}'><\/div><\/div><\/div><\/div><\/div><div class=\"vc_row wpb_row vc_row-fluid position-relative\"><div class=\"wpb_column vc_column_container vc_col-sm-12\"><div class=\"vc_column-inner\"><div class=\"wpb_wrapper\"><div class=\"deeper-spacer clearfix\" data-config='{\"desktop\":100,\"mobile\":80,\"smobile\":80}'><\/div><\/div><\/div><\/div><div class=\"wpb_column vc_column_container vc_col-sm-6\"><div class=\"vc_column-inner\"><div class=\"wpb_wrapper\"><div class=\"deeper-content-box clearfix ctb-2093946612\" style=\"\" data-config='{\"padding\":\"7% 7% 0 0\",\"mobiPadding\":\"0\",\"margin\":\"0\",\"mobiMargin\":\"0\",\"borderStyle\":\"solid\"}'>\r\n\t\t\t\t\t<div class=\"inner\" style=\"\">\r\n\t\t\t\t\t\t<div class=\"deeper-spacer clearfix\" data-config='{\"desktop\":40,\"mobile\":40,\"smobile\":40}'><\/div><div class=\"deeper-text align-left\" style=\"font-size:16px;font-weight:400;line-height:24px;letter-spacing:0.01px;color:#313131;\" ><span>Per i viaggiatori alla ricerca di qualcosa di speciale, Villa Aurelia offre due appartamenti per vacanze accuratamente ristrutturati. Arredi di alta qualit\u00e0, mobili in stile e dettagli curati creano un rifugio per il relax o il lavoro creativo. La posizione tranquilla nel cuore di Lindenthal e la vicinanza a caff\u00e8, ristoranti e alla foresta della citt\u00e0 di Colonia ne fanno il punto di partenza perfetto per esplorare Colonia.<\/span>\n<\/div><div class=\"deeper-spacer clearfix\" data-config='{\"desktop\":45,\"mobile\":45,\"smobile\":45}'><\/div><div class=\"deeper-text align-left\" style=\"font-size:16px;font-weight:400;line-height:24px;letter-spacing:0.01px;color:#313131;\" ><span>Nel corso dei decenni, Villa Aurelia ha subito numerose trasformazioni: da residenza nobiliare a rifugio in tempo di guerra a set cinematografico. Gli attuali proprietari - un innovativo team di imprenditori - si sono imposti il compito di preservare e restaurare la propriet\u00e0 classificata senza rinunciare alle pi\u00f9 moderne tecnologie. Ogni dettaglio, dagli stucchi ornamentali alle nostalgiche maniglie delle porte, \u00e8 curato con attenzione.<\/span>\n<\/div><div class=\"deeper-spacer clearfix\" data-config='{\"desktop\":45,\"mobile\":45,\"smobile\":45}'><\/div><div class=\"deeper-text align-left\" style=\"font-size:16px;font-weight:400;line-height:24px;letter-spacing:0.01px;color:#313131;\" ><span>Passeggiare per Villa Aurelia \u00e8 come fare un viaggio nel tempo: Ogni stanza racconta la storia delle epoche glamour di Colonia, mentre il concetto di coworking e gli appartamenti per le vacanze riflettono il ritmo della modernit\u00e0. Il risultato \u00e8 un luogo in cui la storia rimane tangibile e l'innovazione \u00e8 incoraggiata, ideale sia per i viaggiatori d'affari alla ricerca di un luogo di lavoro stimolante sia per i vacanzieri che desiderano rilassarsi in un ambiente straordinario.<\/span>\n<\/div>\r\n\t\t\t\t\t<\/div>\r\n\t\t\t\t<\/div><\/div><\/div><\/div><div class=\"wpb_column vc_column_container vc_col-sm-6\"><div class=\"vc_column-inner\"><div class=\"wpb_wrapper\"><div class=\"deeper-parallax-box\"><div class=\"parallax-wrap\"><div class=\"deeper-parallax-item has-width\" style=\"left:auto;right:-24%;margin-top:65%;width:52%;\" data-parallax='{\"x\" : 0,\"y\" : -40, \"smoothness\" : 30}' data-top=\"65%\"><img decoding=\"async\" class=\"parallax-image\" src=\"https:\/\/villa-aurelia.de\/wp-content\/uploads\/2020\/06\/shape-04.png\" alt=\"immagine\"> <\/div><div class=\"deeper-parallax-item\" style=\"border-radius:50px;\" data-parallax='{\"x\" : 0,\"y\" : 0, \"smoothness\" : 30}' data-top=\"\"><img decoding=\"async\" class=\"parallax-image\" src=\"https:\/\/villa-aurelia.de\/wp-content\/uploads\/2024\/07\/ueu-villa2.jpg\" alt=\"immagine\"> <\/div><\/div><\/div><div class=\"deeper-spacer clearfix\" data-config='{\"smobile\":50}'><\/div><\/div><\/div><\/div><div class=\"wpb_column vc_column_container vc_col-sm-12\"><div class=\"vc_column-inner\"><div class=\"wpb_wrapper\"><div class=\"deeper-spacer clearfix\" data-config='{\"desktop\":100,\"mobile\":80,\"smobile\":50}'><\/div><\/div><\/div><\/div><\/div><div data-vc-full-width=\"true\" data-vc-full-width-init=\"false\" class=\"vc_row wpb_row vc_row-fluid vc_custom_1721741327723 vc_row-has-fill position-relative\"><div class=\"wpb_column vc_column_container vc_col-sm-12\"><div class=\"vc_column-inner\"><div class=\"wpb_wrapper\"><div class=\"deeper-spacer clearfix\" data-config='{\"desktop\":115,\"mobile\":100,\"smobile\":100}'><\/div><h2 class=\"deeper-text align-center  text-has-width wow fadeInDown\" style=\"font-size:32px;line-height:40px;letter-spacing:-0.3px;max-width:850px;color:#ffffff;\"  data-wow-duration=\"0.75s\" data-wow-delay=\"0.3s\"><span>Seduti nel giardino ben curato, si pu\u00f2 godere dell'atmosfera tranquilla e immaginare come gli abitanti della villa trascorrevano i loro pomeriggi: leggendo, chiacchierando o semplicemente godendosi la pace e la tranquillit\u00e0.<\/span>\n<\/h2><div class=\"deeper-spacer clearfix\" data-config='{\"desktop\":115,\"mobile\":100,\"smobile\":100}'><\/div><\/div><\/div><\/div><\/div><div class=\"vc_row-full-width vc_clearfix\"><\/div>\n<\/div>","protected":false},"excerpt":{"rendered":"Ein Ort, der Geschichte atmet \u2013 und Raum f\u00fcr neue Ideen bietet Eingebettet in den gehobenen K\u00f6lner Stadtteil Lindenthal, umgeben von liebevoll gepflegten G\u00e4rten, steht die pr\u00e4chtige Villa Aurelia. Erbaut um 1900, verspr\u00fcht dieses architektonische Juwel den Charme der Gr\u00fcnderzeit und beherbergt heute nicht nur einen hochmodernen Coworking-Space, sondern auch","protected":false},"author":1,"featured_media":0,"parent":0,"menu_order":0,"comment_status":"closed","ping_status":"closed","template":"","meta":{"_monsterinsights_skip_tracking":false,"_monsterinsights_sitenote_active":false,"_monsterinsights_sitenote_note":"","_monsterinsights_sitenote_category":0,"footnotes":""},"class_list":["post-30","page","type-page","status-publish","hentry"],"aioseo_notices":[],"_links":{"self":[{"href":"https:\/\/villa-aurelia.de\/it\/wp-json\/wp\/v2\/pages\/30","targetHints":{"allow":["GET"]}}],"collection":[{"href":"https:\/\/villa-aurelia.de\/it\/wp-json\/wp\/v2\/pages"}],"about":[{"href":"https:\/\/villa-aurelia.de\/it\/wp-json\/wp\/v2\/types\/page"}],"author":[{"embeddable":true,"href":"https:\/\/villa-aurelia.de\/it\/wp-json\/wp\/v2\/users\/1"}],"replies":[{"embeddable":true,"href":"https:\/\/villa-aurelia.de\/it\/wp-json\/wp\/v2\/comments?post=30"}],"version-history":[{"count":33,"href":"https:\/\/villa-aurelia.de\/it\/wp-json\/wp\/v2\/pages\/30\/revisions"}],"predecessor-version":[{"id":4155,"href":"https:\/\/villa-aurelia.de\/it\/wp-json\/wp\/v2\/pages\/30\/revisions\/4155"}],"wp:attachment":[{"href":"https:\/\/villa-aurelia.de\/it\/wp-json\/wp\/v2\/media?parent=30"}],"curies":[{"name":"wp","href":"https:\/\/api.w.org\/{rel}","templated":true}]}}