{"id":36,"date":"2020-06-11T07:32:41","date_gmt":"2020-06-11T07:32:41","guid":{"rendered":"http:\/\/ninzio.com\/worksquare\/?page_id=36"},"modified":"2026-01-15T16:44:28","modified_gmt":"2026-01-15T15:44:28","slug":"impronta","status":"publish","type":"page","link":"https:\/\/villa-aurelia.de\/it\/impressum\/","title":{"rendered":"Impronta"},"content":{"rendered":"<div class=\"wpb-content-wrapper\"><div class=\"vc_row wpb_row vc_row-fluid position-relative\"><div class=\"wpb_column vc_column_container vc_col-sm-12\"><div class=\"vc_column-inner\"><div class=\"wpb_wrapper\"><div class=\"deeper-spacer clearfix\" data-config='{\"desktop\":100,\"mobile\":80,\"smobile\":80}'><\/div><\/div><\/div><\/div><div class=\"wpb_column vc_column_container vc_col-sm-12\"><div class=\"vc_column-inner\"><div class=\"wpb_wrapper\"><h2 class=\"deeper-text align-center\" style=\"font-size:24px;letter-spacing:-0.2px;margin-bottom:38px;\" ><span>Impronta<\/span>\n<\/h2><h2 class=\"deeper-text align-center\" style=\"font-size:16px;letter-spacing:-0.2px;margin-bottom:38px;\" ><span><strong>Villa Aurelia ist ein Angebot von:<br \/>\nCenter Projektsentwicklungs GmbH<br \/>\n<\/strong>Robert-Perthel-Str.71-73<br \/>\n50739 K\u00f6ln<\/span>\n<\/h2><h2 class=\"deeper-text align-center\" style=\"font-size:16px;letter-spacing:-0.2px;margin-bottom:38px;\" ><span><strong>Standort:<br \/>\nVilla Aurelia<\/strong><br \/>\nVia Bachemer 91<br \/>\n50931 Colonia<\/span>\n<\/h2><h2 class=\"deeper-text align-center\" style=\"font-size:16px;letter-spacing:-0.2px;margin-bottom:38px;\" ><span><strong>Contattateci<\/strong><br \/>\nTelefono: +49 221 6505620<br \/>\nE-mail: info@villa-aurelia.de<\/span>\n<\/h2><h2 class=\"deeper-text align-center\" style=\"font-size:16px;letter-spacing:-0.2px;margin-bottom:38px;\" ><span><strong>Responsabile editoriale<\/strong><br \/>\nRebecca Wolf<\/span>\n<\/h2><h2 class=\"deeper-text align-center\" style=\"font-size:16px;letter-spacing:-0.2px;margin-bottom:38px;\" ><span><strong>Technische Umsetzung<\/strong><br \/>\n<a href=\"https:\/\/rethinq.me\">rethinq.me<\/a><\/span>\n<\/h2><h2 class=\"deeper-text align-center\" style=\"font-size:16px;letter-spacing:-0.2px;margin-bottom:38px;\" ><span><strong>Centro di risoluzione delle controversie dei consumatori\/arbitrato universale<\/strong><br \/>\nNon siamo disposti o obbligati a partecipare a procedure di risoluzione delle controversie davanti a un collegio arbitrale dei consumatori.<\/span>\n<\/h2><div class=\"deeper-spacer clearfix\" data-config='{\"desktop\":70,\"mobile\":50,\"smobile\":50}'><\/div><\/div><\/div><\/div><\/div>\n<\/div>","protected":false},"excerpt":{"rendered":"Impressum Villa Aurelia ist ein Angebot von: Center Projektsentwicklungs GmbH Robert-Perthel-Str.71-73 50739 K\u00f6ln Standort: Villa Aurelia Bachemer Stra\u00dfe 91 50931 K\u00f6ln Kontakt Telefon: +49 221 6505620 E-Mail: info@villa-aurelia.de Redaktionell verantwortlich Rebecca Wolf Technische Umsetzung rethinq.me Verbraucherstreitbeilegung\/Universalschlichtungsstelle Wir sind nicht bereit oder verpflichtet, an Streitbeilegungsverfahren vor einer Verbraucherschlichtungsstelle teilzunehmen.","protected":false},"author":1,"featured_media":0,"parent":0,"menu_order":0,"comment_status":"closed","ping_status":"closed","template":"","meta":{"_monsterinsights_skip_tracking":false,"_monsterinsights_sitenote_active":false,"_monsterinsights_sitenote_note":"","_monsterinsights_sitenote_category":0,"footnotes":""},"class_list":["post-36","page","type-page","status-publish","hentry"],"aioseo_notices":[],"_links":{"self":[{"href":"https:\/\/villa-aurelia.de\/it\/wp-json\/wp\/v2\/pages\/36","targetHints":{"allow":["GET"]}}],"collection":[{"href":"https:\/\/villa-aurelia.de\/it\/wp-json\/wp\/v2\/pages"}],"about":[{"href":"https:\/\/villa-aurelia.de\/it\/wp-json\/wp\/v2\/types\/page"}],"author":[{"embeddable":true,"href":"https:\/\/villa-aurelia.de\/it\/wp-json\/wp\/v2\/users\/1"}],"replies":[{"embeddable":true,"href":"https:\/\/villa-aurelia.de\/it\/wp-json\/wp\/v2\/comments?post=36"}],"version-history":[{"count":34,"href":"https:\/\/villa-aurelia.de\/it\/wp-json\/wp\/v2\/pages\/36\/revisions"}],"predecessor-version":[{"id":4320,"href":"https:\/\/villa-aurelia.de\/it\/wp-json\/wp\/v2\/pages\/36\/revisions\/4320"}],"wp:attachment":[{"href":"https:\/\/villa-aurelia.de\/it\/wp-json\/wp\/v2\/media?parent=36"}],"curies":[{"name":"wp","href":"https:\/\/api.w.org\/{rel}","templated":true}]}}