{"id":2804,"date":"2020-06-11T07:25:21","date_gmt":"2020-06-11T07:25:21","guid":{"rendered":"http:\/\/ninzio.com\/worksquare\/?page_id=14"},"modified":"2025-02-13T15:14:39","modified_gmt":"2025-02-13T14:14:39","slug":"vergaderzaal","status":"publish","type":"page","link":"https:\/\/villa-aurelia.de\/nl\/konferenzraum\/","title":{"rendered":"Conferentieruimte"},"content":{"rendered":"<div class=\"wpb-content-wrapper\"><div id=\"slider\" data-vc-full-width=\"true\" data-vc-full-width-init=\"false\" class=\"vc_row wpb_row vc_row-fluid position-relative\"><div class=\"wpb_column vc_column_container vc_col-sm-12\"><div class=\"vc_column-inner\"><div class=\"wpb_wrapper\">\n\t\t\t<!-- START Slider 2 REVOLUTION SLIDER 6.7.15 --><p class=\"rs-p-wp-fix\"><\/p>\n\t\t\t<rs-module-wrap id=\"rev_slider_2_1_wrapper\" data-source=\"gallery\" style=\"visibility:hidden;background:transparent;padding:0;margin:0px auto;margin-top:0;margin-bottom:0;\">\n\t\t\t\t<rs-module id=\"rev_slider_2_1\" style=\"\" data-version=\"6.7.15\">\n\t\t\t\t\t<rs-slides style=\"overflow: hidden; position: absolute;\">\n\t\t\t\t\t\t<rs-slide style=\"position: absolute;\" data-key=\"rs-2\" data-title=\"Slide\" data-in=\"o:0;\" data-out=\"a:false;\">\n\t\t\t\t\t\t\t<img decoding=\"async\" src=\"\/\/villa-aurelia.de\/wp-content\/plugins\/revslider\/sr6\/assets\/assets\/dummy.png\" alt=\"\" title=\"Kopie von Kein Titel (1)\" width=\"1920\" height=\"900\" class=\"rev-slidebg tp-rs-img rs-lazyload\" data-lazyload=\"\/\/villa-aurelia.de\/wp-content\/uploads\/2024\/07\/Kopie-von-Kein-Titel-1.jpg\" data-no-retina>\n<!---->\t\t\t\t\t<\/rs-slide>\n\t\t\t\t\t<\/rs-slides>\n\t\t\t\t<\/rs-module>\n\t\t\t\t<script>\n\t\t\t\t\tsetREVStartSize({c: 'rev_slider_2_1',rl:[1240,1024,778,480],el:[900,900,960,820],gw:[1920,1024,778,480],gh:[900,900,960,820],type:'standard',justify:'',layout:'fullwidth',mh:\"0\"});if (window.RS_MODULES!==undefined && window.RS_MODULES.modules!==undefined && window.RS_MODULES.modules[\"revslider21\"]!==undefined) {window.RS_MODULES.modules[\"revslider21\"].once = false;window.revapi2 = undefined;if (window.RS_MODULES.checkMinimal!==undefined) window.RS_MODULES.checkMinimal()}\n\t\t\t\t<\/script>\n\t\t\t<\/rs-module-wrap>\n\t\t\t<!-- END REVOLUTION SLIDER -->\n<div class=\"deeper-spacer clearfix\" data-config='{\"mobile\":230,\"smobile\":230}'><\/div><\/div><\/div><\/div><\/div><div class=\"vc_row-full-width vc_clearfix\"><\/div><div id=\"about\" class=\"vc_row wpb_row vc_row-fluid position-relative\"><div class=\"wpb_column vc_column_container vc_col-sm-12\"><div class=\"vc_column-inner\"><div class=\"wpb_wrapper\"><div class=\"deeper-spacer clearfix\" data-config='{\"desktop\":70,\"mobile\":50,\"smobile\":50}'><\/div><h5 class=\"deeper-text align-center \" style=\"font-size:16px;font-weight:600;letter-spacing:-0.2px;margin-bottom:16px;color:#313131;\" ><span>Beeindrucken Sie Ihre Kunden und Gesch\u00e4ftspartner<\/span>\n<\/h5><h1 class=\"deeper-text align-center  text-has-width\" style=\"font-size:48px;letter-spacing:-0.2px;max-width:800px;\" ><span>Flexibler Konferenzraum f\u00fcr erfolgreiche Meetings<\/span>\n<\/h1><div class=\"deeper-spacer clearfix\" data-config='{\"desktop\":70,\"mobile\":50,\"smobile\":50}'><\/div><\/div><\/div><\/div><div class=\"wpb_column vc_column_container vc_col-sm-6 vc_col-md-8\"><div class=\"vc_column-inner\"><div class=\"wpb_wrapper\"><div class=\"deeper-fancy-image reveal  reveal-radius-50 lr \"   data-inviewport=\"yes\">\r\n\t\t\t\t\t\t\t<figure style=\"border-radius:50px;overflow:hidden;\"><img decoding=\"async\" alt=\"image\" src=\"https:\/\/villa-aurelia.de\/wp-content\/uploads\/2024\/07\/Design-ohne-Titel-19-1.png\" \/> <\/figure>\r\n\t\t\t\t\t\t<\/div><div class=\"deeper-parallax-box\"><div class=\"parallax-wrap\"><div class=\"deeper-parallax-item has-width z-index-low\" style=\"left:-17%;margin-top:-84%;width:38%;\" data-parallax='{\"x\" : 0,\"y\" : -40, \"smoothness\" : 30}' data-top=\"-84%\"><img decoding=\"async\" class=\"parallax-image\" src=\"https:\/\/villa-aurelia.de\/wp-content\/uploads\/2020\/06\/shape-03.png\" alt=\"image\"> <\/div><\/div><\/div><div class=\"deeper-spacer clearfix\" data-config='{\"smobile\":40}'><\/div><\/div><\/div><\/div><div class=\"wpb_column vc_column_container vc_col-sm-6 vc_col-md-4\"><div class=\"vc_column-inner\"><div class=\"wpb_wrapper\"><div class=\"deeper-content-box clearfix ctb-1726569224\" style=\"\" data-config='{\"padding\":\"45px 0 0 35px\",\"mobiPadding\":\"0\",\"margin\":\"0\",\"mobiMargin\":\"0\",\"borderStyle\":\"solid\"}'>\r\n\t\t\t\t\t<div class=\"inner \" style=\"\">\r\n\t\t\t\t\t\t<div class=\"deeper-icon-box clearfix icon-left align-left desc-padding-0\" style=\"\" >\n\t\t\t\t\t<div class=\"deeper-icon icon-font icon-752713437\" data-config='{\"color\":\"#313131\",\"fontSize\":\"20px\"}'>\n\t\t\t\t\t\t\t<span class=\"icon-wrap \"><i class=\"fas fa-globe\"><\/i><\/span>\n\t\t\t\t\t\t<\/div> <h3 class=\"heading \" style=\"padding-left:33px;color:#313131;font-size:20px;letter-spacing:-0.2px;margin-bottom:15px;\">\n\t\t\t\t\t\t<span>Vielf\u00e4ltige Nutzungsm\u00f6glichkeiten<\/span>\n\t\t\t\t\t<\/h3><div class=\"desc \" style=\"padding-left:33px;color:#313131;font-size:16px;line-height:24px;letter-spacing:-0.01px;\"><p>Ideal f\u00fcr Team-Meetings, Kundengespr\u00e4che und Schulungen.<\/p>\n<\/div> \n\t\t\t\t<\/div><div class=\"deeper-spacer clearfix\" data-config='{\"desktop\":40,\"mobile\":30,\"smobile\":30}'><\/div><div class=\"deeper-icon-box clearfix icon-left align-left desc-padding-0\" style=\"\" >\n\t\t\t\t\t<div class=\"deeper-icon icon-font icon-1473884526\" data-config='{\"color\":\"#313131\",\"fontSize\":\"20px\"}'>\n\t\t\t\t\t\t\t<span class=\"icon-wrap \"><i class=\"fas fa-comments-dollar\"><\/i><\/span>\n\t\t\t\t\t\t<\/div> <h3 class=\"heading \" style=\"padding-left:33px;color:#313131;font-size:20px;letter-spacing:-0.2px;margin-bottom:15px;\">\n\t\t\t\t\t\t<span>Flexible Mietoptionen<\/span>\n\t\t\t\t\t<\/h3><div class=\"desc \" style=\"padding-left:33px;color:#313131;font-size:16px;line-height:24px;letter-spacing:-0.01px;\"><p>Buchen Sie den Raum stundenweise oder f\u00fcr den ganzen Tag.<\/p>\n<\/div> \n\t\t\t\t<\/div><div class=\"deeper-spacer clearfix\" data-config='{\"desktop\":40,\"mobile\":30,\"smobile\":30}'><\/div><div class=\"deeper-icon-box clearfix icon-left align-left desc-padding-0\" style=\"\" >\n\t\t\t\t\t<div class=\"deeper-icon icon-font icon-1038007386\" data-config='{\"color\":\"#313131\",\"fontSize\":\"20px\"}'>\n\t\t\t\t\t\t\t<span class=\"icon-wrap \"><i class=\"fas fa-building\"><\/i><\/span>\n\t\t\t\t\t\t<\/div> <h3 class=\"heading \" style=\"padding-left:33px;color:#313131;font-size:20px;letter-spacing:-0.2px;margin-bottom:15px;\">\n\t\t\t\t\t\t<span>Zus\u00e4tzliche Services<\/span>\n\t\t\t\t\t<\/h3><div class=\"desc \" style=\"padding-left:33px;color:#313131;font-size:16px;line-height:24px;letter-spacing:-0.01px;\"><p>Optionale Verpflegungsdienstleistungen f\u00fcr Ihre Veranstaltungen.<\/p>\n<\/div> \n\t\t\t\t<\/div><div class=\"deeper-spacer clearfix\" data-config='{\"desktop\":60,\"mobile\":50,\"smobile\":50}'><\/div><div class=\"url-wrap  align-left\">\r\n\t\t\t\t\t\t<a class=\"deeper-button custom small btn-1893580611\" style=\"\" href=http:\/\/villa-aurelia.de\/kontakt\/ data-config='{\"color\":\"#ffffff\",\"bg\":\"#313131\",\"border\":\"2px solid #313131\",\"borderHover\":\"2px solid #625f5f\",\"colorHover\":\"#ffffff\",\"bgHover\":\"#625f5f\"}'>Reservieren<\/a>\r\n\t\t\t\t\t<\/div>\r\n\t\t\t\t\t<\/div>\r\n\t\t\t\t<\/div><\/div><\/div><\/div><div class=\"wpb_column vc_column_container vc_col-sm-12\"><div class=\"vc_column-inner\"><div class=\"wpb_wrapper\"><div class=\"deeper-spacer clearfix\" data-config='{\"desktop\":100,\"mobile\":80,\"smobile\":80}'><\/div><\/div><\/div><\/div><\/div><div id=\"services\" data-vc-full-width=\"true\" data-vc-full-width-init=\"false\" class=\"vc_row wpb_row vc_row-fluid position-relative\"><div class=\"wpb_column vc_column_container vc_col-sm-12\"><div class=\"vc_column-inner\"><div class=\"wpb_wrapper\"><div class=\"deeper-spacer clearfix\" data-config='{\"desktop\":100,\"mobile\":80,\"smobile\":80}'><\/div><\/div><\/div><\/div><div class=\"deeper-background row row-1800\" style=\"border-radius:50px;\"><\/div><\/div><div class=\"vc_row-full-width vc_clearfix\"><\/div><div data-vc-full-width=\"true\" data-vc-full-width-init=\"false\" class=\"vc_row wpb_row vc_row-fluid position-relative\"><div class=\"wpb_column vc_column_container vc_col-sm-12\"><div class=\"vc_column-inner\"><div class=\"wpb_wrapper\"><div class=\"deeper-spacer clearfix\" data-config='{\"desktop\":100,\"mobile\":80,\"smobile\":80}'><\/div><h2 class=\"deeper-text align-center \" style=\"font-size:28px;letter-spacing:-0.2px;margin-bottom:38px;\" ><span>Perfekt f\u00fcr Team-Meetings, Kundenempfang, Schulungen und Vortr\u00e4ge<\/span>\n<\/h2><div class=\"deeper-text align-center  text-has-width\" style=\"font-weight:600;letter-spacing:-0.2px;max-width:760px;color:#313131;\" ><span>Unser moderner 35 m\u00b2 gro\u00dfer Konferenzraum mit einer 4,2 m\u00b2 imposanten Deckenh\u00f6he bietet Platz f\u00fcr bis zu 12 Personen und ist ideal f\u00fcr Team-Meetings, Kundenempfang, Mitarbeiterschulungen, Weiterbildungen und Vortr\u00e4ge. Mieten Sie den Raum stundenweise f\u00fcr 99 \u20ac oder tageweise f\u00fcr 749 \u20ac. Optional k\u00f6nnen Verpflegungsdienstleistungen hinzugebucht werden, um Ihre Veranstaltung noch angenehmer zu gestalten.<\/span>\n<\/div><div class=\"deeper-spacer clearfix\" data-config='{\"desktop\":80,\"mobile\":60,\"smobile\":60}'><\/div><\/div><\/div><\/div><div class=\"z-index-9999 hover-effect-1 wpb_column vc_column_container vc_col-sm-6 vc_col-md-4\"><div class=\"vc_column-inner\"><div class=\"wpb_wrapper\"><div class=\"deeper-counter clearfix   wow fadeInLeft style-2\" data-inviewport=\"yes\"  data-wow-duration=\"0.75s\" data-wow-delay=\"0.5s\">\r\n\t\t\t\t<div class=\"wrap-inner\">\r\n\t\t\t\t\t<div class=\"deeper-icon icon-font icon-982533336\" data-config='{\"color\":\"#313131\",\"fontSize\":\"70px\",\"height\":\"70px\",\"lineHeight\":\"70px\"}'>\n\t\t\t\t\t\t\t<span class=\"icon-wrap \"><i class=\"pe-7s-way\"><\/i><\/span>\n\t\t\t\t\t\t<\/div>\r\n\t\t\t\t\t<div class=\"counter-wrap \" style=\"color:#313131;\">\r\n\t\t\t\t\t<span class=\"number\" data-speed=\"3000\" data-to=\"99\" data-format=\"\">99<\/span><span class=\"prefix \" style=\"color:#313131;\">\u20ac<\/span>\r\n\t\t\t\t<\/div><h3 class=\"heading\" style=\"color:#313131;\">\r\n\t\t\t\t\t<span>pro Stunde<\/span>\r\n\t\t\t\t<\/h3>\r\n\t\t\t\t<\/div>\r\n\t\t\t<\/div><div class=\"deeper-spacer clearfix\" data-config='{\"mobile\":30,\"smobile\":30}'><\/div><\/div><\/div><\/div><div class=\"hover-effect-1 wpb_column vc_column_container vc_col-sm-6 vc_col-md-4\"><div class=\"vc_column-inner\"><div class=\"wpb_wrapper\"><div class=\"deeper-counter clearfix  feature-table wow fadeInUp style-1\" data-inviewport=\"yes\"  data-wow-duration=\"0.75s\" data-wow-delay=\"0.3s\">\r\n\t\t\t\t<div class=\"wrap-inner\">\r\n\t\t\t\t\t<div class=\"deeper-icon icon-font icon-1806433868\" data-config='{\"color\":\"#ffffff\",\"fontSize\":\"70px\",\"height\":\"70px\",\"lineHeight\":\"70px\"}'>\n\t\t\t\t\t\t\t<span class=\"icon-wrap \"><i class=\"pe-7s-global\"><\/i><\/span>\n\t\t\t\t\t\t<\/div>\r\n\t\t\t\t\t<div class=\"counter-wrap \" style=\"color:#ffffff;\">\r\n\t\t\t\t\t<span class=\"number\" data-speed=\"3000\" data-to=\"35\" data-format=\"\">35<\/span><span class=\"prefix \" style=\"color:#ffffff;\">m\u00b2<\/span>\r\n\t\t\t\t<\/div><h3 class=\"heading\" style=\"color:#ffffff;\">\r\n\t\t\t\t\t<span>Raumgr\u00f6\u00dfe<\/span>\r\n\t\t\t\t<\/h3>\r\n\t\t\t\t<\/div>\r\n\t\t\t<\/div><div class=\"deeper-spacer clearfix\" data-config='{\"mobile\":30,\"smobile\":30}'><\/div><\/div><\/div><\/div><div class=\"hover-effect-1 wpb_column vc_column_container vc_col-sm-6 vc_col-md-4\"><div class=\"vc_column-inner\"><div class=\"wpb_wrapper\"><div class=\"deeper-counter clearfix   wow fadeInUp style-2\" data-inviewport=\"yes\"  data-wow-duration=\"0.75s\" data-wow-delay=\"0.5s\">\r\n\t\t\t\t<div class=\"wrap-inner\">\r\n\t\t\t\t\t<div class=\"deeper-icon icon-font icon-1848766741\" data-config='{\"color\":\"#313131\",\"fontSize\":\"70px\",\"height\":\"70px\",\"lineHeight\":\"70px\"}'>\n\t\t\t\t\t\t\t<span class=\"icon-wrap \"><i class=\"pe-7s-users\"><\/i><\/span>\n\t\t\t\t\t\t<\/div>\r\n\t\t\t\t\t<div class=\"counter-wrap \" style=\"color:#313131;\">\r\n\t\t\t\t\t<span class=\"number\" data-speed=\"3000\" data-to=\"12\" data-format=\"\">12<\/span>\r\n\t\t\t\t<\/div><h3 class=\"heading\" style=\"color:#313131;\">\r\n\t\t\t\t\t<span>Teilnehmer<\/span>\r\n\t\t\t\t<\/h3>\r\n\t\t\t\t<\/div>\r\n\t\t\t<\/div><\/div><\/div><\/div><div class=\"wpb_column vc_column_container vc_col-sm-12\"><div class=\"vc_column-inner\"><div class=\"wpb_wrapper\"><div class=\"deeper-parallax-box\"><div class=\"parallax-wrap\"><div class=\"deeper-parallax-item has-width z-index-low\" style=\"left:-12%;margin-top:-27%;width:25%;\" data-parallax='{\"x\" : 0,\"y\" : -40, \"smoothness\" : 30}' data-top=\"-27%\"><img decoding=\"async\" class=\"parallax-image\" src=\"https:\/\/villa-aurelia.de\/wp-content\/uploads\/2020\/06\/shape-04.png\" alt=\"image\"> <\/div><\/div><\/div><\/div><\/div><\/div><div class=\"wpb_column vc_column_container vc_col-sm-12\"><div class=\"vc_column-inner\"><div class=\"wpb_wrapper\"><div class=\"deeper-spacer clearfix\" data-config='{\"desktop\":100,\"mobile\":80,\"smobile\":80}'><\/div><\/div><\/div><\/div><div class=\"deeper-background row row-1800\" style=\"background-color:#cccbbf;border-radius:50px;\"><\/div><\/div><div class=\"vc_row-full-width vc_clearfix\"><\/div><div data-vc-full-width=\"true\" data-vc-full-width-init=\"false\" class=\"vc_row wpb_row vc_row-fluid position-relative\"><div class=\"wpb_column vc_column_container vc_col-sm-12\"><div class=\"vc_column-inner\"><div class=\"wpb_wrapper\"><div class=\"deeper-spacer clearfix\" data-config='{\"desktop\":100,\"mobile\":80,\"smobile\":80}'><\/div><\/div><\/div><\/div><div class=\"deeper-background row row-1800\" style=\"border-radius:50px;\"><\/div><\/div><div class=\"vc_row-full-width vc_clearfix\"><\/div><div data-vc-full-width=\"true\" data-vc-full-width-init=\"false\" class=\"vc_row wpb_row vc_row-fluid custom-pd-1 position-relative\"><div class=\"wpb_column vc_column_container vc_col-sm-12\"><div class=\"vc_column-inner\"><div class=\"wpb_wrapper\"><div class=\"deeper-spacer clearfix\" data-config='{\"desktop\":650,\"mobile\":650,\"smobile\":650}'><\/div><\/div><\/div><\/div><div class=\"deeper-background row row-1800\" style=\"border-radius:50px;\"><\/div><\/div><div class=\"vc_row-full-width vc_clearfix\"><\/div><div class=\"vc_row wpb_row vc_row-fluid vc_custom_1721802826458 position-relative\"><div class=\"wpb_column vc_column_container vc_col-sm-12\"><div class=\"vc_column-inner\"><div class=\"wpb_wrapper\"><h5 class=\"deeper-text align-center \" style=\"font-size:16px;font-weight:600;letter-spacing:-0.2px;margin-bottom:16px;color:#313131;\" ><span>Preisgestaltung passend f\u00fcr jeden Anlass<\/span>\n<\/h5><h2 class=\"deeper-text align-center \" style=\"font-size:28px;letter-spacing:-0.2px;\" ><h2>Buchen Sie jetzt unser Konferenzraum<\/h2>\n<\/h2><div class=\"deeper-spacer clearfix\" data-config='{\"desktop\":70,\"mobile\":50,\"smobile\":50}'><\/div><\/div><\/div><\/div><\/div><div class=\"vc_row wpb_row vc_row-fluid position-relative\"><div class=\"hover-effect-1 z-index-9999 wpb_column vc_column_container vc_col-sm-6\"><div class=\"vc_column-inner\"><div class=\"wpb_wrapper\"><div class=\"deeper-price-box align-center \" style=\"\" >\r\n\t\t\t\t\t<h2 class=\"plan-name \" style=\"color:#000000;\">Flexi Hour<\/h2><div class=\"price \" style=\"color:#313131;\"><span class=\"price-inner\"> 99 \u20ac\/Stunde<\/span><\/div><div class=\"plan-desc \" style=\"color:#313131;\">Flexibel buchen ganz nach Ihren Bedarf<\/div><div class=\"features\" style=\"\"><ul>\n<li>Kostenfreie Getr\u00e4nke ab 3 Stunden Buchung<\/li>\n<li>Darunter optional Getr\u00e4nkepauschale f\u00fcr 19\u20ac<\/li>\n<li>Optionale Verpflegung mit Speisen nach Absprache buchbar<\/li>\n<\/ul>\n<\/div>\r\n\t\t\t\t\t<div class=\"url-wrap  align-center\">\r\n\t\t\t\t\t\t<a class=\"deeper-button custom medium btn-107982273\" style=\"\" href=http:\/\/villa-aurelia.de\/kontakt\/ data-config='{\"color\":\"#ffffff\",\"bg\":\"#313131\",\"border\":\"2px solid #313131\",\"borderHover\":\"2px solid #625f5f\",\"colorHover\":\"#ffffff\",\"bgHover\":\"#625f5f\"}'>Jetzt reservieren<\/a>\r\n\t\t\t\t\t<\/div>\r\n\t\t\t\t<\/div><\/div><\/div><\/div><div class=\"hover-effect-1 z-index-9999 wpb_column vc_column_container vc_col-sm-6\"><div class=\"vc_column-inner\"><div class=\"wpb_wrapper\"><div class=\"deeper-price-box align-center feature-table-2\" style=\"\" >\r\n\t\t\t\t\t<h2 class=\"plan-name \" style=\"color:#ffffff;\">Full Day<\/h2><div class=\"price \" style=\"color:#ffffff;\"><span class=\"price-inner\"> 749 \u20ac\/Tag<\/span><\/div><div class=\"features\" style=\"\"><ul class=\"text-white\">\n<li><strong>Tagesbuchung umfasst 12 Stunden<\/strong><br \/>\nAufpreis f\u00fcr 24 Stunden: 249\u20ac<\/li>\n<li><strong>Kostenfreie Getr\u00e4nke bei Tagesbuchung<\/strong><\/li>\n<li><strong>Optionale Verpflegung mit Speisen<\/strong><br \/>\nNach Absprache buchbar<\/li>\n<\/ul>\n<\/div>\r\n\t\t\t\t\t<div class=\"url-wrap  align-center\">\r\n\t\t\t\t\t\t<a class=\"deeper-button custom medium btn-911004682\" style=\"\" href=http:\/\/villa-aurelia.de\/kontakt\/ data-config='{\"color\":\"#313131\",\"bg\":\"#ffffff\",\"border\":\"2px solid #ffffff\",\"borderHover\":\"2px solid #ffffff\",\"colorHover\":\"#625f5f\",\"bgHover\":\"#ffffff\"}'>Jetzt reservieren<\/a>\r\n\t\t\t\t\t<\/div>\r\n\t\t\t\t<\/div><\/div><\/div><\/div><\/div><div class=\"vc_row wpb_row vc_row-fluid position-relative\"><div class=\"wpb_column vc_column_container vc_col-sm-12\"><div class=\"vc_column-inner\"><div class=\"wpb_wrapper\"><div class=\"deeper-spacer clearfix\" data-config='{\"desktop\":100,\"mobile\":80,\"smobile\":80}'><\/div><h2 class=\"deeper-text align-center  mobi-size-32 wow fadeInDown\" style=\"font-size:42px;color:#313131;\"  data-wow-duration=\"0.75s\" data-wow-delay=\"0.3s\"><span>Haben Sie Fragen zu Preisen oder Verf\u00fcgbarkeit?<\/span>\n<\/h2><h2 class=\"deeper-text align-center  mobi-size-32 wow fadeInDown\" style=\"font-size:42px;color:#313131;\"  data-wow-duration=\"0.75s\" data-wow-delay=\"0.3s\"><span>Wir beraten Sie in allen Angelegenheiten.<\/span>\n<\/h2><div class=\"deeper-spacer clearfix\" data-config='{\"desktop\":60,\"mobile\":50,\"smobile\":50}'><\/div><div class=\"url-wrap  align-center\">\r\n\t\t\t\t\t\t<a class=\"deeper-button custom medium btn-1803221052 wow fadeInUp\" style=\"\" href=http:\/\/villa-aurelia.de\/kontakt\/ data-config='{\"color\":\"#ffffff\",\"bg\":\"#313131\",\"borderHover\":\"0px solid #625f5f\",\"colorHover\":\"#ffffff\",\"bgHover\":\"#625f5f\"}' data-wow-duration=\"0.75s\" data-wow-delay=\"0.5s\">Kontaktieren Sie uns<\/a>\r\n\t\t\t\t\t<\/div><div class=\"deeper-spacer clearfix\" data-config='{\"desktop\":100,\"mobile\":80,\"smobile\":80}'><\/div><div class=\"deeper-spacer clearfix\" data-config='{\"desktop\":100,\"mobile\":80,\"smobile\":80}'><\/div><\/div><\/div><\/div><\/div>\n<\/div>","protected":false},"excerpt":{"rendered":"Beeindrucken Sie Ihre Kunden und Gesch\u00e4ftspartner Flexibler Konferenzraum f\u00fcr erfolgreiche Meetings Vielf\u00e4ltige Nutzungsm\u00f6glichkeiten Ideal f\u00fcr Team-Meetings, Kundengespr\u00e4che und Schulungen. Flexible Mietoptionen Buchen Sie den Raum stundenweise oder f\u00fcr den ganzen Tag. Zus\u00e4tzliche Services Optionale Verpflegungsdienstleistungen f\u00fcr Ihre Veranstaltungen. Reservieren Perfekt f\u00fcr Team-Meetings, Kundenempfang, Schulungen und Vortr\u00e4ge Unser moderner 35 m\u00b2","protected":false},"author":1,"featured_media":0,"parent":0,"menu_order":0,"comment_status":"closed","ping_status":"closed","template":"","meta":{"_monsterinsights_skip_tracking":false,"_monsterinsights_sitenote_active":false,"_monsterinsights_sitenote_note":"","_monsterinsights_sitenote_category":0,"footnotes":""},"class_list":["post-2804","page","type-page","status-publish","hentry"],"aioseo_notices":[],"_links":{"self":[{"href":"https:\/\/villa-aurelia.de\/nl\/wp-json\/wp\/v2\/pages\/2804","targetHints":{"allow":["GET"]}}],"collection":[{"href":"https:\/\/villa-aurelia.de\/nl\/wp-json\/wp\/v2\/pages"}],"about":[{"href":"https:\/\/villa-aurelia.de\/nl\/wp-json\/wp\/v2\/types\/page"}],"author":[{"embeddable":true,"href":"https:\/\/villa-aurelia.de\/nl\/wp-json\/wp\/v2\/users\/1"}],"replies":[{"embeddable":true,"href":"https:\/\/villa-aurelia.de\/nl\/wp-json\/wp\/v2\/comments?post=2804"}],"version-history":[{"count":73,"href":"https:\/\/villa-aurelia.de\/nl\/wp-json\/wp\/v2\/pages\/2804\/revisions"}],"predecessor-version":[{"id":4261,"href":"https:\/\/villa-aurelia.de\/nl\/wp-json\/wp\/v2\/pages\/2804\/revisions\/4261"}],"wp:attachment":[{"href":"https:\/\/villa-aurelia.de\/nl\/wp-json\/wp\/v2\/media?parent=2804"}],"curies":[{"name":"wp","href":"https:\/\/api.w.org\/{rel}","templated":true}]}}